{"id":400,"date":"2022-06-25T17:18:10","date_gmt":"2022-06-25T17:18:10","guid":{"rendered":"https:\/\/staging.gdwtrier.de\/?page_id=400"},"modified":"2023-02-07T11:28:38","modified_gmt":"2023-02-07T11:28:38","slug":"vortort","status":"publish","type":"page","link":"https:\/\/gdwtrier.de\/en\/gdw\/vortort\/","title":{"rendered":"Vorort+"},"content":{"rendered":"<p><\/p>\n\n\n\n<div class=\"wp-block-cover alignfull is-light\" style=\"padding-top:0;padding-right:0;padding-bottom:0;padding-left:0;min-height:644px;aspect-ratio:unset;\"><img loading=\"lazy\" decoding=\"async\" width=\"1080\" height=\"362\" class=\"wp-block-cover__image-background wp-image-1104 size-large\" alt=\"\" src=\"https:\/\/gdwtrier.de\/wp-content\/uploads\/2022\/06\/GDW-Websitebanner_2026-1080x362.png\" data-object-fit=\"cover\" srcset=\"https:\/\/gdwtrier.de\/wp-content\/uploads\/2022\/06\/GDW-Websitebanner_2026-1080x362.png 1080w, https:\/\/gdwtrier.de\/wp-content\/uploads\/2022\/06\/GDW-Websitebanner_2026-300x101.png 300w, https:\/\/gdwtrier.de\/wp-content\/uploads\/2022\/06\/GDW-Websitebanner_2026-768x258.png 768w, https:\/\/gdwtrier.de\/wp-content\/uploads\/2022\/06\/GDW-Websitebanner_2026-1536x515.png 1536w, https:\/\/gdwtrier.de\/wp-content\/uploads\/2022\/06\/GDW-Websitebanner_2026-18x6.png 18w, https:\/\/gdwtrier.de\/wp-content\/uploads\/2022\/06\/GDW-Websitebanner_2026.png 1920w\" sizes=\"auto, (max-width: 1080px) 100vw, 1080px\" \/><span aria-hidden=\"true\" class=\"wp-block-cover__background has-background-dim-0 has-background-dim\" style=\"background-color:#000000\"><\/span><div class=\"wp-block-cover__inner-container is-layout-flow wp-block-cover-is-layout-flow\">\n<p class=\"has-text-align-center has-large-font-size\"><\/p>\n<\/div><\/div>\n\n\n\n<p><\/p>\n\n\n\n<h2 class=\"alignfull has-text-align-center has-ast-global-color-1-background-color has-background wp-block-heading\">Vorort+<\/h2>\n\n\n\n<div class=\"inherit-container-width wp-block-group alignfull is-layout-constrained wp-block-group-is-layout-constrained\"><div class=\"wp-block-group__inner-container\">\n<p>Da sich die Situation rund um &#8222;Big C&#8220; wieder etwas beruhigt hat, m\u00f6chten wir die n\u00e4chste GDW wieder in Persona in Trier veranstalten.<\/p>\n\n\n\n<p>&#8222;Och n\u00f6\u00f6\u00f6, ich kann aber nicht nach Trier kommen. Und selbst wenn w\u00e4re mir das immernoch etwas zu gef\u00e4hrlich&#8230;&#8220;, m\u00f6gen jetzt vielleicht einige von Euch zurecht denken. Keine Angst, genau daf\u00fcr haben wir &#8222;VORORT+&#8220;!!! (ja wir sind stolz auf den Namen&#8230;)<\/p>\n\n\n\n<h4 class=\"wp-block-heading\">Online \u00fcber Discord<\/h4>\n\n\n\n<p>Alle die nicht vor Ort sein k\u00f6nnen oder wollen, haben weiterhin die M\u00f6glichkeit online an der GDW teilzunehmen. Die Teams bekommen hierzu nach der Ideenfindung einen Voice- und Text-Channel zwecks Koordination und Austausch bereitgestellt, und auch Ansprechpartner f\u00fcr Fragen und Probleme sind \u00fcber Discord erreichbar. Zus\u00e4tzlich finden die Workshops in der Woche davor ohnehin online statt, und auch bei unseren sozialen Aktivit\u00e4ten wie Spieleabende oder kleinere Games-Turniere werden wir versuchen alle unterzubringen.<\/p>\n\n\n\n<p>Wir freuen uns \u00fcber jeden Teilnehmer, egal ob off- oder online!<\/p>\n<\/div><\/div>","protected":false},"excerpt":{"rendered":"<p>Vorort+ Da sich die Situation rund um &#8222;Big C&#8220; wieder etwas beruhigt hat, m\u00f6chten wir die n\u00e4chste GDW wieder in Persona in Trier veranstalten. &#8222;Och n\u00f6\u00f6\u00f6, ich kann aber nicht nach Trier kommen. Und selbst wenn w\u00e4re mir das immernoch etwas zu gef\u00e4hrlich&#8230;&#8220;, m\u00f6gen jetzt vielleicht einige von Euch zurecht denken. Keine Angst, genau daf\u00fcr &hellip;<\/p>\n<p class=\"read-more\"> <a class=\"\" href=\"https:\/\/gdwtrier.de\/en\/gdw\/vortort\/\"> <span class=\"screen-reader-text\">Vorort+<\/span> Read More &raquo;<\/a><\/p>","protected":false},"author":1,"featured_media":0,"parent":396,"menu_order":0,"comment_status":"closed","ping_status":"closed","template":"","meta":{"site-sidebar-layout":"no-sidebar","site-content-layout":"plain-container","ast-site-content-layout":"","site-content-style":"default","site-sidebar-style":"default","ast-global-header-display":"","ast-banner-title-visibility":"","ast-main-header-display":"","ast-hfb-above-header-display":"","ast-hfb-below-header-display":"","ast-hfb-mobile-header-display":"","site-post-title":"disabled","ast-breadcrumbs-content":"","ast-featured-img":"","footer-sml-layout":"","theme-transparent-header-meta":"","adv-header-id-meta":"","stick-header-meta":"","header-above-stick-meta":"","header-main-stick-meta":"","header-below-stick-meta":"","astra-migrate-meta-layouts":"","footnotes":""},"class_list":["post-400","page","type-page","status-publish","hentry"],"_links":{"self":[{"href":"https:\/\/gdwtrier.de\/en\/wp-json\/wp\/v2\/pages\/400","targetHints":{"allow":["GET"]}}],"collection":[{"href":"https:\/\/gdwtrier.de\/en\/wp-json\/wp\/v2\/pages"}],"about":[{"href":"https:\/\/gdwtrier.de\/en\/wp-json\/wp\/v2\/types\/page"}],"author":[{"embeddable":true,"href":"https:\/\/gdwtrier.de\/en\/wp-json\/wp\/v2\/users\/1"}],"replies":[{"embeddable":true,"href":"https:\/\/gdwtrier.de\/en\/wp-json\/wp\/v2\/comments?post=400"}],"version-history":[{"count":13,"href":"https:\/\/gdwtrier.de\/en\/wp-json\/wp\/v2\/pages\/400\/revisions"}],"predecessor-version":[{"id":645,"href":"https:\/\/gdwtrier.de\/en\/wp-json\/wp\/v2\/pages\/400\/revisions\/645"}],"up":[{"embeddable":true,"href":"https:\/\/gdwtrier.de\/en\/wp-json\/wp\/v2\/pages\/396"}],"wp:attachment":[{"href":"https:\/\/gdwtrier.de\/en\/wp-json\/wp\/v2\/media?parent=400"}],"curies":[{"name":"wp","href":"https:\/\/api.w.org\/{rel}","templated":true}]}}