{"id":396,"date":"2022-06-25T17:17:29","date_gmt":"2022-06-25T17:17:29","guid":{"rendered":"https:\/\/staging.gdwtrier.de\/?page_id=396"},"modified":"2025-11-30T18:56:31","modified_gmt":"2025-11-30T18:56:31","slug":"gdw","status":"publish","type":"page","link":"https:\/\/gdwtrier.de\/en\/gdw\/","title":{"rendered":"GDW"},"content":{"rendered":"<p><\/p>\n\n\n\n<div class=\"wp-block-cover alignfull is-light\" style=\"padding-top:0;padding-right:0;padding-bottom:0;padding-left:0;min-height:644px;aspect-ratio:unset;\"><img loading=\"lazy\" decoding=\"async\" width=\"1080\" height=\"362\" class=\"wp-block-cover__image-background wp-image-1104 size-large\" alt=\"\" src=\"https:\/\/gdwtrier.de\/wp-content\/uploads\/2022\/06\/GDW-Websitebanner_2026-1080x362.png\" data-object-fit=\"cover\" srcset=\"https:\/\/gdwtrier.de\/wp-content\/uploads\/2022\/06\/GDW-Websitebanner_2026-1080x362.png 1080w, https:\/\/gdwtrier.de\/wp-content\/uploads\/2022\/06\/GDW-Websitebanner_2026-300x101.png 300w, https:\/\/gdwtrier.de\/wp-content\/uploads\/2022\/06\/GDW-Websitebanner_2026-768x258.png 768w, https:\/\/gdwtrier.de\/wp-content\/uploads\/2022\/06\/GDW-Websitebanner_2026-1536x515.png 1536w, https:\/\/gdwtrier.de\/wp-content\/uploads\/2022\/06\/GDW-Websitebanner_2026-18x6.png 18w, https:\/\/gdwtrier.de\/wp-content\/uploads\/2022\/06\/GDW-Websitebanner_2026.png 1920w\" sizes=\"auto, (max-width: 1080px) 100vw, 1080px\" \/><span aria-hidden=\"true\" class=\"wp-block-cover__background has-background-dim-0 has-background-dim\" style=\"background-color:#000000\"><\/span><div class=\"wp-block-cover__inner-container is-layout-flow wp-block-cover-is-layout-flow\">\n<p class=\"has-text-align-center has-large-font-size\"><\/p>\n<\/div><\/div>\n\n\n\n<p><\/p>\n\n\n\n<h2 class=\"wp-block-heading alignfull has-text-align-center has-ast-global-color-1-background-color has-background\">Allgemeine Informationen<\/h2>\n\n\n\n<h4 class=\"wp-block-heading\">Die GDW<\/h4>\n\n\n\n<p>Eine Woche geballte Spielentwicklung f\u00fcr jeden. Das wollen wir allen Interessierten bieten. Anders als bei den meisten anderen GameJams habt Ihr eine komplette Woche Zeit Eure Ideen zu entwickeln, umzusetzen und zu verbessern. Mehr Zeit erlaubt es Euch in neue Bereiche einzutauchen und Neues auszuprobieren. Bei Fragen und Problemen stehen Euch die Mitglieder der Orga und die Mentoren, aber auch die anderen Teilnehmer zur Seite. <br>Los geht es Sonntags 10 Uhr mit der Ideenfindung, da wir einen Einlass haben solltet ihr schon fr\u00fcher da sein, sodass wir p\u00fcnktlich beginnen k\u00f6nnen. Statt findet die GDW am Campus Schneidershof der Hochschule Trier, parken k\u00f6nnt ihr dort auf Parkplatz P2. Euren Arbeitsplatz f\u00fcr die Woche erst nach der Ideenfindung aufbauen, also Tower Monitor und \u00e4hnliches im Auto oder zuhause lassen bis ihr euch in die finalen Teams aufgeteilt habt<br>Abseits der Entwicklung habt Ihr auch w\u00e4hrend der Grill- und Spieleabende sowie des Playtestings die M\u00f6glichkeit neue Kontakte zu kn\u00fcpfen und Euer Netzwerk Gleichgesinnter auszubauen. Und nat\u00fcrlich k\u00f6nnt Ihr auch bei den anderen Teams vorbeischauen um Euch vielleicht inspirieren zu lassen.<br>Auch f\u00fcr Verpflegung ist Dank unserer Sponsoren gesorgt. Neben Grillgut und Pizza gibt es gratis Fr\u00fchst\u00fcck und Getr\u00e4nke f\u00fcr alle!<\/p>\n\n\n\n<div class=\"inherit-container-width wp-block-group alignfull is-layout-constrained wp-block-group-is-layout-constrained\"><div class=\"wp-block-group__inner-container\">\n<h4 class=\"wp-block-heading\">Workshops<\/h4>\n\n\n\n<p>Anl\u00e4sslich der GDW wird es im Vorfeld mehrere Workshops zur Vorbereitung zu Themen wie Game-Engines, Programmieren und Art geben. Die meisten davon sind so ausgelegt, dass Ihr selbst mit wenigen oder sogar ohne Vorkenntnisse teilnehmen k\u00f6nnt. Au\u00dferdem kann sich jeder daf\u00fcr anmelden, selbst wenn Ihr nicht an der GDW teilnehmt.<br><br>Informationen zu den einzelnen Angeboten gibt es <a href=\"https:\/\/gdwtrier.de\/en\/workshops\/\" data-type=\"page\" data-id=\"129\">hier<\/a>, und anmelden k\u00f6nnt Ihr Euch <a href=\"https:\/\/gdwtrier.de\/en\/anmeldung\/\" data-type=\"page\" data-id=\"230\">hier<\/a>.<\/p>\n\n\n\n<h4 class=\"wp-block-heading\">Abschlusspr\u00e4sentation<\/h4>\n\n\n\n<p>Am letzten Tag der GDW findet eine Abschlusspr\u00e4sentation statt, bei der die Teams Ihre Spiele allen Interessierten vorstellen werdet. Keine Angst &#8211; es geht lediglich darum, dass Ihr Euer Spiel auf einer Leinwand live zeigt und ein bisschen dazu was sagt.<br><br>Anschlie\u00dfend wird Euch und den Besuchern die M\u00f6glichkeit geboten, alle Spiele auf bereitgestellten PCs zu testen. Diese Anspielstationen werden von den Teams selbst aufgebaut, also schaut das ihr selbst einen Rechner im Team habt oder von anderen Teams einen leihen k\u00f6nnt. Die gesamte Veranstaltung wird auf dem <a href=\"https:\/\/www.twitch.tv\/gamesaheadev\" target=\"_blank\" rel=\"noopener\">gamesAHEAD Twitch-Kanal<\/a> gestreamt.<\/p>\n\n\n\n<h4 class=\"wp-block-heading\">\u00dcbernachtung<\/h4>\n\n\n\n<p>Leider k\u00f6nnen wir nicht garantieren, das die M\u00f6glichkeit f\u00fcr Gemeinschaftsschlafr\u00e4ume an der Hochschule besteht. Deswegen m\u00fcssen wir auf Couch-Surfing setzen. Duschkabinen kannst du aber nach wie vor nach einem kleinen Fu\u00dfweg zur Turnhalle am Campus Schneidershof finden und kostenlos nutzen.<\/p>\n<\/div><\/div>\n\n\n\n<h2 class=\"wp-block-heading alignfull has-text-align-center has-ast-global-color-1-background-color has-background\">Das bieten wir dir<\/h2>\n\n\n\n<div class=\"wp-block-group alignfull is-layout-flow wp-block-group-is-layout-flow\"><div class=\"wp-block-group__inner-container\">\n<div class=\"wp-block-columns is-layout-flex wp-container-core-columns-is-layout-28f84493 wp-block-columns-is-layout-flex\">\n<div class=\"wp-block-column is-layout-flow wp-block-column-is-layout-flow\">\n<h3 class=\"wp-block-heading has-text-align-center\">Das bieten wir dir<\/h3>\n\n\n\n<h4 class=\"wp-block-heading\">Fachliche Hilfe<\/h4>\n\n\n\n<ul class=\"wp-block-list\">\n<li>Workshops zu Engines, Art und anderen Themen<\/li>\n\n\n\n<li>Mentoren w\u00e4hrend der GDW<\/li>\n<\/ul>\n\n\n\n<h4 class=\"wp-block-heading\">R\u00e4umlichkeiten<\/h4>\n\n\n\n<ul class=\"wp-block-list\">\n<li>Offene Arbeitsbereiche<\/li>\n\n\n\n<li>Chillr\u00e4ume<\/li>\n<\/ul>\n\n\n\n<h4 class=\"wp-block-heading\">Technik<\/h4>\n\n\n\n<ul class=\"wp-block-list\">\n<li>Monitore<\/li>\n\n\n\n<li>WLAN-Zugang<\/li>\n<\/ul>\n\n\n\n<h4 class=\"wp-block-heading\">Verpflegung<\/h4>\n\n\n\n<ul class=\"wp-block-list\">\n<li>Gratis Snacks wie Obst, Br\u00f6tchen, Sandwiches, M\u00fcsliriegel, usw.<\/li>\n\n\n\n<li>Gratis Fr\u00fchst\u00fcck und Abendessen<\/li>\n\n\n\n<li>Gratis Getr\u00e4nke wie Wasser, Bier &amp; Soft Drinks<\/li>\n\n\n\n<li>Gratis Kaffee &amp; Tee<\/li>\n<\/ul>\n<\/div>\n\n\n\n<div class=\"wp-block-column is-layout-flow wp-block-column-is-layout-flow\">\n<h3 class=\"wp-block-heading has-text-align-center\">Das solltest du mitbringen<\/h3>\n\n\n\n<h4 class=\"wp-block-heading\">Technik<\/h4>\n\n\n\n<ul class=\"wp-block-list\">\n<li>Laptop oder Tower<\/li>\n\n\n\n<li>Monitor, Keyboard, Maus, Kopfh\u00f6rer, etc<\/li>\n\n\n\n<li>alle notwendigen Kabel (HDMI wollt ihr die zur Verfr\u00fchung stehenden Monitore nutzen)<\/li>\n\n\n\n<li><strong>Mehrfachstecker<\/strong><\/li>\n\n\n\n<li>Controller f\u00fcr euer Spiel, falls ben\u00f6tigt<\/li>\n\n\n\n<li>Lan Kabel oder WLAN Stick (Empfholen)<\/li>\n<\/ul>\n\n\n\n<p>Wir empfehlen, dass jeder sein eigenes Equipment mit seinem Namen kennzeichnet um Verwechlungen vorzubeugen!<\/p>\n\n\n\n<h4 class=\"wp-block-heading\">Bei \u00dcbernachtung<\/h4>\n\n\n\n<ul class=\"wp-block-list\">\n<li>Platz zum Schlafen<\/li>\n\n\n\n<li>Kleidung f\u00fcr eine Woche<\/li>\n\n\n\n<li>Luftmatratze, Schlafsack\/Decke, Kissen<\/li>\n\n\n\n<li>Hygieneartikel (Duschgel, Deo, Zahnpasta, Zahnb\u00fcrste, usw.)<\/li>\n\n\n\n<li>Ohrst\u00f6psel und Schlafmasken<\/li>\n<\/ul>\n\n\n\n<h4 class=\"wp-block-heading\">Sonstiges<\/h4>\n\n\n\n<ul class=\"wp-block-list\">\n<li>Sch\u00fcsseln<\/li>\n\n\n\n<li>Tasse &amp; Becher<\/li>\n<\/ul>\n<\/div>\n<\/div>\n<\/div><\/div>\n\n\n\n<div class=\"inherit-container-width wp-block-group alignfull is-layout-constrained wp-block-group-is-layout-constrained\"><div class=\"wp-block-group__inner-container\"><\/div><\/div>","protected":false},"excerpt":{"rendered":"<p>Allgemeine Informationen Die GDW Eine Woche geballte Spielentwicklung f\u00fcr jeden. Das wollen wir allen Interessierten bieten. Anders als bei den meisten anderen GameJams habt Ihr eine komplette Woche Zeit Eure Ideen zu entwickeln, umzusetzen und zu verbessern. Mehr Zeit erlaubt es Euch in neue Bereiche einzutauchen und Neues auszuprobieren. Bei Fragen und Problemen stehen Euch &hellip;<\/p>\n<p class=\"read-more\"> <a class=\"\" href=\"https:\/\/gdwtrier.de\/en\/gdw\/\"> <span class=\"screen-reader-text\">GDW<\/span> Read More &raquo;<\/a><\/p>","protected":false},"author":1,"featured_media":0,"parent":0,"menu_order":0,"comment_status":"closed","ping_status":"closed","template":"","meta":{"site-sidebar-layout":"no-sidebar","site-content-layout":"plain-container","ast-site-content-layout":"normal-width-container","site-content-style":"unboxed","site-sidebar-style":"unboxed","ast-global-header-display":"","ast-banner-title-visibility":"","ast-main-header-display":"","ast-hfb-above-header-display":"","ast-hfb-below-header-display":"","ast-hfb-mobile-header-display":"","site-post-title":"","ast-breadcrumbs-content":"","ast-featured-img":"","footer-sml-layout":"","theme-transparent-header-meta":"","adv-header-id-meta":"","stick-header-meta":"","header-above-stick-meta":"","header-main-stick-meta":"","header-below-stick-meta":"","astra-migrate-meta-layouts":"set","footnotes":""},"class_list":["post-396","page","type-page","status-publish","hentry"],"_links":{"self":[{"href":"https:\/\/gdwtrier.de\/en\/wp-json\/wp\/v2\/pages\/396","targetHints":{"allow":["GET"]}}],"collection":[{"href":"https:\/\/gdwtrier.de\/en\/wp-json\/wp\/v2\/pages"}],"about":[{"href":"https:\/\/gdwtrier.de\/en\/wp-json\/wp\/v2\/types\/page"}],"author":[{"embeddable":true,"href":"https:\/\/gdwtrier.de\/en\/wp-json\/wp\/v2\/users\/1"}],"replies":[{"embeddable":true,"href":"https:\/\/gdwtrier.de\/en\/wp-json\/wp\/v2\/comments?post=396"}],"version-history":[{"count":16,"href":"https:\/\/gdwtrier.de\/en\/wp-json\/wp\/v2\/pages\/396\/revisions"}],"predecessor-version":[{"id":951,"href":"https:\/\/gdwtrier.de\/en\/wp-json\/wp\/v2\/pages\/396\/revisions\/951"}],"wp:attachment":[{"href":"https:\/\/gdwtrier.de\/en\/wp-json\/wp\/v2\/media?parent=396"}],"curies":[{"name":"wp","href":"https:\/\/api.w.org\/{rel}","templated":true}]}}