{"id":167,"date":"2022-06-20T17:21:21","date_gmt":"2022-06-20T17:21:21","guid":{"rendered":"https:\/\/staging.gdwtrier.de\/?page_id=167"},"modified":"2023-01-10T13:24:38","modified_gmt":"2023-01-10T13:24:38","slug":"impressum","status":"publish","type":"page","link":"https:\/\/gdwtrier.de\/en\/impressum\/","title":{"rendered":"Impressum"},"content":{"rendered":"<p>Dieses Internetangebot wird herausgegeben von:<\/p>\n\n\n\n<p>gamesAHEAD e.V.<br>Manuel Bu\u00df<br>Am Paulusplatz 3<br>54290 Trier<br>Germany<\/p>\n\n\n\n<p>gdwtrier@gmail.com<\/p>\n\n\n\n<p>Haftungshinweis: Die auf dieser Seite verlinkten Inhalte externer Webseiten werden im Voraus sorgf\u00e4ltig \u00fcberpr\u00fcft. Sollte ein solcher Link im Nachgang auf eine ver\u00e4nderte Webseite verlinken, distanzieren wir uns deutlich von allen rechtswidrigen, faschistischen, volksverhetzenden und diffamierenden Inhalte, welche dort zu finden sein m\u00f6gen. Die verlinkten Webseiten geben nicht die Auffassung von uns wieder.<\/p>\n\n\n\n<p>In einem solchen Fall bitten wir den Besucher uns auf etwaige Missst\u00e4nde aufmerksam zu machen, damit der betroffene Link schnellstm\u00f6glich entfernt und weitere Schritte eingeleitet werden k\u00f6nnen.<\/p>","protected":false},"excerpt":{"rendered":"<p>Dieses Internetangebot wird herausgegeben von: gamesAHEAD e.V.Manuel Bu\u00dfAm Paulusplatz 354290 TrierGermany gdwtrier@gmail.com Haftungshinweis: Die auf dieser Seite verlinkten Inhalte externer Webseiten werden im Voraus sorgf\u00e4ltig \u00fcberpr\u00fcft. Sollte ein solcher Link im Nachgang auf eine ver\u00e4nderte Webseite verlinken, distanzieren wir uns deutlich von allen rechtswidrigen, faschistischen, volksverhetzenden und diffamierenden Inhalte, welche dort zu finden sein m\u00f6gen. &hellip;<\/p>\n<p class=\"read-more\"> <a class=\"\" href=\"https:\/\/gdwtrier.de\/en\/impressum\/\"> <span class=\"screen-reader-text\">Impressum<\/span> Read More &raquo;<\/a><\/p>","protected":false},"author":2,"featured_media":0,"parent":0,"menu_order":0,"comment_status":"closed","ping_status":"closed","template":"","meta":{"site-sidebar-layout":"default","site-content-layout":"","ast-site-content-layout":"","site-content-style":"default","site-sidebar-style":"default","ast-global-header-display":"","ast-banner-title-visibility":"","ast-main-header-display":"","ast-hfb-above-header-display":"","ast-hfb-below-header-display":"","ast-hfb-mobile-header-display":"","site-post-title":"","ast-breadcrumbs-content":"","ast-featured-img":"","footer-sml-layout":"","theme-transparent-header-meta":"","adv-header-id-meta":"","stick-header-meta":"","header-above-stick-meta":"","header-main-stick-meta":"","header-below-stick-meta":"","astra-migrate-meta-layouts":"","footnotes":""},"class_list":["post-167","page","type-page","status-publish","hentry"],"_links":{"self":[{"href":"https:\/\/gdwtrier.de\/en\/wp-json\/wp\/v2\/pages\/167","targetHints":{"allow":["GET"]}}],"collection":[{"href":"https:\/\/gdwtrier.de\/en\/wp-json\/wp\/v2\/pages"}],"about":[{"href":"https:\/\/gdwtrier.de\/en\/wp-json\/wp\/v2\/types\/page"}],"author":[{"embeddable":true,"href":"https:\/\/gdwtrier.de\/en\/wp-json\/wp\/v2\/users\/2"}],"replies":[{"embeddable":true,"href":"https:\/\/gdwtrier.de\/en\/wp-json\/wp\/v2\/comments?post=167"}],"version-history":[{"count":3,"href":"https:\/\/gdwtrier.de\/en\/wp-json\/wp\/v2\/pages\/167\/revisions"}],"predecessor-version":[{"id":634,"href":"https:\/\/gdwtrier.de\/en\/wp-json\/wp\/v2\/pages\/167\/revisions\/634"}],"wp:attachment":[{"href":"https:\/\/gdwtrier.de\/en\/wp-json\/wp\/v2\/media?parent=167"}],"curies":[{"name":"wp","href":"https:\/\/api.w.org\/{rel}","templated":true}]}}