{"id":166,"date":"2022-06-20T17:21:21","date_gmt":"2022-06-20T17:21:21","guid":{"rendered":"https:\/\/staging.gdwtrier.de\/?page_id=166"},"modified":"2023-01-10T13:25:33","modified_gmt":"2023-01-10T13:25:33","slug":"privacy","status":"publish","type":"page","link":"https:\/\/gdwtrier.de\/en\/privacy\/","title":{"rendered":"Datenschutz"},"content":{"rendered":"<p id=\"h.p_GQ5JQx_ux1oD\">Verantwortlicher f\u00fcr die Erhebung, Verarbeitung und Nutzung deiner personenbezogenen Daten im Sinne von Art. 4 Nr. 7 DSGVO ist<\/p>\n\n\n\n<p id=\"h.p_5wd3FLzyz4rJ\">gamesAHEAD e.V.<br>Manuel Bu\u00df<br>Am Paulusplatz 3<br>54290 Trier<br>Germany<\/p>\n\n\n\n<p id=\"h.p_PDQNalQayUbJ\"><strong>VERSCHL\u00dcSSELUNG<\/strong><\/p>\n\n\n\n<p id=\"h.p_DO7li5bDyUbv\">Dieses Angebot unterst\u00fctzt den gesicherten Zugriff \u00fcber das HTTPS\/SSL.<\/p>\n\n\n\n<p id=\"h.p_6FYKXck0yUbw\"><strong>ERHEBUNG VON NUTZUNGSDATEN\/ NUTZUNGASANALYSE DURCH DEN VERANTWORTLICHEN BETREIBER<\/strong><\/p>\n\n\n\n<p id=\"h.p_ufEArT7ByUby\">ENTF\u00c4LLT.<\/p>\n\n\n\n<p id=\"h.p_60HWlXgTzSGE\"><strong>ZWECK DER VERARBEITUNG DER DATEN DURCH DEN VERANTWORTLICHEN BETREIBER<\/strong><\/p>\n\n\n\n<p id=\"h.p_hKPOwvL8zSXh\">&#8211; Zurverf\u00fcgungstellung des Onlineangebotes, seiner Funktionen und Inhalte.<\/p>\n\n\n\n<p id=\"h.p_LREnjjKYzSXi\">&#8211; Kontaktdaten auf freiwilliger Basis (z.B., E-Mail, Telefonnummern). Eine kommerzielle Verarbeitung oder gar Weiterleitung von Daten an Dritte erfolgt nicht. Informationen, die durch die Kontaktaufnahme entstehen werden streng vertraulich behandelt. Die Kontaktdaten dienen der Kommunikation mit Nutzern und Interessenten. Wir weisen darauf hin, dass die Daten\u00fcbertragung im Internet (z.B. bei der Kommunikation per E-Mail) Sicherheitsl\u00fccken aufweisen kann. Ein l\u00fcckenloser Schutz der Daten vor dem Zugriff durch Dritte ist nicht m\u00f6glich.<\/p>\n\n\n\n<p id=\"h.p_zrY-UCxizKI8\"><strong>SICHERHEITSMASSNAHMEN DURCH DEN VERANTWORTLICHEN BETREIBER<\/strong><\/p>\n\n\n\n<p id=\"h.p_vDWFjIuSzKSb\">Eine kommerzielle Verarbeitung oder gar Weiterleitung der freiwillig \u00fcbermittelten Kontaktdaten von Daten an Dritte erfolgt nicht. Information die durch die Kontaktaufnahme entstehen werden streng vertraulich behandelt.<\/p>\n\n\n\n<p id=\"h.p_zoEMmYErzKSd\">Wir bitten Sie allerdings, sich regelm\u00e4\u00dfig \u00fcber den Inhalt unserer Datenschutzerkl\u00e4rung zu informieren. Wir passen die Datenschutzerkl\u00e4rung an, sobald die \u00c4nderungen der von uns durchgef\u00fchrten Datenverarbeitungen dies erforderlich machen. Wir informieren Sie, sobald durch die \u00c4nderungen eine Mitwirkungshandlung Ihrerseits (z.B. Einwilligung) oder eine sonstige individuelle Benachrichtigung erforderlich wird.<\/p>\n\n\n\n<p id=\"h.p_xzrl7s85ymeC\"><strong>EINBINDUNG VON DIENSTEN UND INHALTEN DRITTER<\/strong><\/p>\n\n\n\n<p id=\"h.p_cEDegrckymuh\">Nachstehende Informationen wurden den Datenschutzerkl\u00e4rungen des PROVIDER<\/p>\n\n\n\n<p id=\"h.p_lP5c1UmfQOxZ\"><strong>HINWEISE ZU UMFRAGEN<\/strong><\/p>\n\n\n\n<p id=\"h.p_w1A6wsvDQS9s\">In Rahmen der Game Dev Week (GDW) werden mehrere Umfragen an die Teilnehmer versendet. Ziel dieser Umfragen ist es, die Qualit\u00e4t der GDW zu erh\u00f6hen.<\/p>\n\n\n\n<p id=\"h.p_xAfhwOLaQPY1\">Eine Registrierung ist f\u00fcr die Teilnahme nicht erforderlich.<\/p>\n\n\n\n<p id=\"h.p_i45Z_VPbQPY1\">Die erhobenen Daten werden nach sp\u00e4testens zwei Jahren gel\u00f6scht.<\/p>\n\n\n\n<p id=\"h.p_fJ8AaXSaQPY2\">Auch bei einer Umfrage haben Sie gem\u00e4\u00df Datenschutz gegen\u00fcber dem Informationstr\u00e4ger das <a href=\"https:\/\/www.google.com\/url?q=https%3A%2F%2Fwww.datenschutz.org%2F19-34-bdsg%2F&amp;sa=D&amp;sntz=1&amp;usg=AOvVaw2PaHdBu0EghqMb5ZoOJ79I\" target=\"_blank\" rel=\"noreferrer noopener\">Recht auf Auskunft<\/a> sowie L\u00f6schung Ihrer personenbezogenen Daten. Sie k\u00f6nnen diese Einwilligungserkl\u00e4rung jederzeit widerrufen. Schreiben Sie dazu eine Email an <a href=\"mailto:gdwtrier@gmail.com\" target=\"_blank\" rel=\"noreferrer noopener\">gdwtrier@gmail.com<\/a>. Nach erfolgtem Widerruf werden Ihre Daten gel\u00f6scht.<\/p>","protected":false},"excerpt":{"rendered":"<p>Verantwortlicher f\u00fcr die Erhebung, Verarbeitung und Nutzung deiner personenbezogenen Daten im Sinne von Art. 4 Nr. 7 DSGVO ist gamesAHEAD e.V.Manuel Bu\u00dfAm Paulusplatz 354290 TrierGermany VERSCHL\u00dcSSELUNG Dieses Angebot unterst\u00fctzt den gesicherten Zugriff \u00fcber das HTTPS\/SSL. ERHEBUNG VON NUTZUNGSDATEN\/ NUTZUNGASANALYSE DURCH DEN VERANTWORTLICHEN BETREIBER ENTF\u00c4LLT. ZWECK DER VERARBEITUNG DER DATEN DURCH DEN VERANTWORTLICHEN BETREIBER &#8211; Zurverf\u00fcgungstellung &hellip;<\/p>\n<p class=\"read-more\"> <a class=\"\" href=\"https:\/\/gdwtrier.de\/en\/privacy\/\"> <span class=\"screen-reader-text\">Datenschutz<\/span> Read More &raquo;<\/a><\/p>","protected":false},"author":2,"featured_media":0,"parent":0,"menu_order":0,"comment_status":"closed","ping_status":"closed","template":"","meta":{"site-sidebar-layout":"default","site-content-layout":"","ast-site-content-layout":"","site-content-style":"default","site-sidebar-style":"default","ast-global-header-display":"","ast-banner-title-visibility":"","ast-main-header-display":"","ast-hfb-above-header-display":"","ast-hfb-below-header-display":"","ast-hfb-mobile-header-display":"","site-post-title":"","ast-breadcrumbs-content":"","ast-featured-img":"","footer-sml-layout":"","theme-transparent-header-meta":"","adv-header-id-meta":"","stick-header-meta":"","header-above-stick-meta":"","header-main-stick-meta":"","header-below-stick-meta":"","astra-migrate-meta-layouts":"","footnotes":""},"class_list":["post-166","page","type-page","status-publish","hentry"],"_links":{"self":[{"href":"https:\/\/gdwtrier.de\/en\/wp-json\/wp\/v2\/pages\/166","targetHints":{"allow":["GET"]}}],"collection":[{"href":"https:\/\/gdwtrier.de\/en\/wp-json\/wp\/v2\/pages"}],"about":[{"href":"https:\/\/gdwtrier.de\/en\/wp-json\/wp\/v2\/types\/page"}],"author":[{"embeddable":true,"href":"https:\/\/gdwtrier.de\/en\/wp-json\/wp\/v2\/users\/2"}],"replies":[{"embeddable":true,"href":"https:\/\/gdwtrier.de\/en\/wp-json\/wp\/v2\/comments?post=166"}],"version-history":[{"count":3,"href":"https:\/\/gdwtrier.de\/en\/wp-json\/wp\/v2\/pages\/166\/revisions"}],"predecessor-version":[{"id":635,"href":"https:\/\/gdwtrier.de\/en\/wp-json\/wp\/v2\/pages\/166\/revisions\/635"}],"wp:attachment":[{"href":"https:\/\/gdwtrier.de\/en\/wp-json\/wp\/v2\/media?parent=166"}],"curies":[{"name":"wp","href":"https:\/\/api.w.org\/{rel}","templated":true}]}}