{"id":142,"date":"2022-06-20T16:20:06","date_gmt":"2022-06-20T16:20:06","guid":{"rendered":"https:\/\/staging.gdwtrier.de\/?page_id=142"},"modified":"2024-12-20T19:22:47","modified_gmt":"2024-12-20T19:22:47","slug":"fachseminar","status":"publish","type":"page","link":"https:\/\/gdwtrier.de\/en\/fachseminar\/","title":{"rendered":"Fachseminar"},"content":{"rendered":"<p><\/p>\n\n\n\n<div class=\"wp-block-cover alignfull is-light\" style=\"padding-top:0;padding-right:0;padding-bottom:0;padding-left:0;min-height:644px;aspect-ratio:unset;\"><img loading=\"lazy\" decoding=\"async\" width=\"1080\" height=\"362\" class=\"wp-block-cover__image-background wp-image-1104 size-large\" alt=\"\" src=\"https:\/\/gdwtrier.de\/wp-content\/uploads\/2022\/06\/GDW-Websitebanner_2026-1080x362.png\" data-object-fit=\"cover\" srcset=\"https:\/\/gdwtrier.de\/wp-content\/uploads\/2022\/06\/GDW-Websitebanner_2026-1080x362.png 1080w, https:\/\/gdwtrier.de\/wp-content\/uploads\/2022\/06\/GDW-Websitebanner_2026-300x101.png 300w, https:\/\/gdwtrier.de\/wp-content\/uploads\/2022\/06\/GDW-Websitebanner_2026-768x258.png 768w, https:\/\/gdwtrier.de\/wp-content\/uploads\/2022\/06\/GDW-Websitebanner_2026-1536x515.png 1536w, https:\/\/gdwtrier.de\/wp-content\/uploads\/2022\/06\/GDW-Websitebanner_2026-18x6.png 18w, https:\/\/gdwtrier.de\/wp-content\/uploads\/2022\/06\/GDW-Websitebanner_2026.png 1920w\" sizes=\"auto, (max-width: 1080px) 100vw, 1080px\" \/><span aria-hidden=\"true\" class=\"wp-block-cover__background has-background-dim-0 has-background-dim\" style=\"background-color:#000000\"><\/span><div class=\"wp-block-cover__inner-container is-layout-flow wp-block-cover-is-layout-flow\">\n<p class=\"has-text-align-center has-large-font-size\"><\/p>\n<\/div><\/div>\n\n\n\n<p><\/p>\n\n\n\n<p class=\"has-medium-font-size\"><br>Als Student der Hochschule Trier ist es Dir m\u00f6glich, die GDW als Fachseminar (Informatik, 3 ECTS) anrechnen zu lassen.<\/p>\n\n\n\n<h2 class=\"wp-block-heading alignfull has-text-align-center has-ast-global-color-1-background-color has-background\">Fachseminar <\/h2>\n\n\n\n<div class=\"inherit-container-width wp-block-group alignfull is-layout-constrained wp-block-group-is-layout-constrained\"><div class=\"wp-block-group__inner-container\">\n<p> Die Pl\u00e4tze hierf\u00fcr werden wie fr\u00fcher auch begrenzt sein, also melde Dich rechtzeitig an. Die Teilnahme Vorort ist verpflichtend.<\/p>\n\n\n\n<h3 class=\"wp-block-heading alignwide has-text-align-left\">Erforderliche Leistungen<\/h3>\n\n\n\n<ol class=\"wp-block-list\">\n<li>Melde Dich \u00fcber das <a href=\"https:\/\/www.eventbrite.de\/e\/gamedevweek-2024-tickets-688739998877\" target=\"_blank\" rel=\"noopener\"><strong>Ticket-System<\/strong><\/a> als GDW-Fachseminar-Teilnehmer an.\n<ol class=\"wp-block-list\">\n<li>Gib bei der Anmeldung drei Themenbreiche an, \u00fcber die Du dir Vorstellen kannst ein Fachseminar zu schreiben.<\/li>\n\n\n\n<li>Die Deadline f\u00fcr die Anmeldung ist eine Woche vor dem Ideenfindungstreffen.<\/li>\n\n\n\n<li>Die Anmeldung verpflichtet zur Abgabe einer Fachseminararbeit.\n<ul class=\"wp-block-list\">\n<li>Eine Abmeldung ist bis eine Woche vor dem Ideenfindungstreffen m\u00f6glich.<\/li>\n<\/ul>\n<\/li>\n\n\n\n<li>Offene Pl\u00e4tze werden bis zur Ideenfindung von Nachr\u00fcckern aufgef\u00fcllt.<\/li>\n<\/ol>\n<\/li>\n\n\n\n<li>In der Woche vor der GDW wird ein Briefing und eine Fragerunde f\u00fcr Fachseminar-Teilnehmer und -Interessierte angeboten.<\/li>\n\n\n\n<li>Nimm am Treffen zur Ideenfindung teil.<\/li>\n\n\n\n<li>Die GDW Orga meldet Dich beim Dozenten an:\n<ul class=\"wp-block-list\">\n<li><a href=\"https:\/\/www.hochschule-trier.de\/index.php?id=rezk-salama\" data-type=\"URL\" data-id=\"https:\/\/www.hochschule-trier.de\/index.php?id=rezk-salama\" target=\"_blank\" rel=\"noreferrer noopener\"><strong>Prof. Dr. Christof Rezk-Salama<\/strong><\/a><\/li>\n\n\n\n<li>Eine eigene Anmeldung im QIS ist <strong>nicht erforderlich und wird vom Dozenten gemacht<\/strong>!<\/li>\n<\/ul>\n<\/li>\n\n\n\n<li>Du wirst nach dem Ideenfindungstreffen zu einer Fachseminar Stud.IP Gruppe hinzugef\u00fcgt. Diese dient zur Koordination mit den Dozenten nach der GDW. Auf diese Gruppe haben wir als Orga keinen Zugriff.<\/li>\n<\/ol>\n\n\n\n<p><strong>Hinweis: Die Pl\u00e4tze f\u00fcr Fachseminar-Teilnehmer sind auf 10 begrenzt, melde Dich also am besten fr\u00fchzeitig an!<\/strong><\/p>\n\n\n\n<h3 class=\"wp-block-heading has-text-align-left\">Erste Schritte<\/h3>\n\n\n\n<ol class=\"wp-block-list\">\n<li>Anwesenheit w\u00e4hrend des Ideenfindungstreffens.<\/li>\n\n\n\n<li>Anwesenheit zu den t\u00e4glichen Kernzeiten (10 &#8211; 17 Uhr) w\u00e4hrend der GDW.<\/li>\n\n\n\n<li>Eigenst\u00e4ndiges Einbringen in eines der GDW-Projekte und Erledigung der besprochenen Aufgaben.<\/li>\n\n\n\n<li>Konkrete Themenfindung f\u00fcr die Seminararbeit bis Freitag w\u00e4hrend der GDW.\n<ul class=\"wp-block-list\">\n<li>Beispielthemen kannst Du weiter unten einsehen.<\/li>\n<\/ul>\n<\/li>\n\n\n\n<li>10 &#8211; 20 seitige Seminararbeit zu dem gew\u00e4hlten Thema, die im Folgesemester geschrieben wird.<\/li>\n\n\n\n<li>Abgabe der Seminararbeit am Ende des Folgesemesters beim betreuenden Dozenten. Die GDW Orga hat keinen Einfluss auf die Note. <\/li>\n\n\n\n<li>Vortrag vor dem Dozenten in der Reading Week.<\/li>\n<\/ol>\n<\/div><\/div>\n\n\n\n<h2 class=\"wp-block-heading alignfull has-text-align-center has-ast-global-color-1-background-color has-background\">Die Seminararbeit<\/h2>\n\n\n\n<div class=\"inherit-container-width wp-block-group alignfull is-layout-constrained wp-block-group-is-layout-constrained\"><div class=\"wp-block-group__inner-container\">\n<p>Die Seminarbeit ist kein Projektbericht \u00fcber Deine Arbeit w\u00e4hrend der GDW. Wichtig ist eine umfangreiche Recherche zum gew\u00e4hlten Thema mithilfe von Fachliteratur, Paper oder Vortr\u00e4gen. Man sollte sich f\u00fcr die Arbeit ein konkretes Problem stellen, welches man w\u00e4hrend der GDW versucht zu l\u00f6sen. Diese L\u00f6sung kann man dann in der Seminarbeit vorstellen und anhand der recherchierten Quellen mit anderen Ans\u00e4tzen vergleichen, erweitern und reflektieren. Eine Beispielstruktur k\u00f6nnte wie folgt aussehen:<\/p>\n\n\n\n<ul class=\"wp-block-list\">\n<li>Motivation<\/li>\n\n\n\n<li>Problemstellung<\/li>\n\n\n\n<li>L\u00f6sung w\u00e4hrend der GDW<\/li>\n\n\n\n<li>Alternative L\u00f6sungen<\/li>\n\n\n\n<li>Vergleich der L\u00f6sungen<\/li>\n\n\n\n<li>Fazit<\/li>\n<\/ul>\n\n\n\n<h3 class=\"wp-block-heading has-text-align-left\">Beispielthemen<\/h3>\n\n\n\n<div class=\"wp-block-columns is-layout-flex wp-container-core-columns-is-layout-28f84493 wp-block-columns-is-layout-flex\">\n<div class=\"wp-block-column is-layout-flow wp-block-column-is-layout-flow\">\n<ul class=\"wp-block-list\">\n<li><strong>Gameplay-Systems<\/strong><ul><li>Questing<\/li><\/ul>\n<ul class=\"wp-block-list\">\n<li>Dialogs<\/li>\n\n\n\n<li>Crafting<\/li>\n\n\n\n<li>Damage<\/li>\n\n\n\n<li>Time-Travel<\/li>\n\n\n\n<li>Checkpoint<\/li>\n<\/ul>\n<\/li>\n<\/ul>\n<\/div>\n\n\n\n<div class=\"wp-block-column is-layout-flow wp-block-column-is-layout-flow\">\n<ul class=\"wp-block-list\">\n<li><strong>Rendering<\/strong>\n<ul class=\"wp-block-list\">\n<li>Water Shader, Grass Shader, etc<\/li>\n\n\n\n<li>2D Lighting<\/li>\n\n\n\n<li>Liquids\/Fog<\/li>\n\n\n\n<li>Day\/Night Cycle &amp; Weather Effect<\/li>\n<\/ul>\n<\/li>\n<\/ul>\n<\/div>\n<\/div>\n\n\n\n<div class=\"wp-block-columns is-layout-flex wp-container-core-columns-is-layout-28f84493 wp-block-columns-is-layout-flex\">\n<div class=\"wp-block-column is-layout-flow wp-block-column-is-layout-flow\">\n<ul class=\"wp-block-list\">\n<li><strong>AI<\/strong>\n<ul class=\"wp-block-list\">\n<li>Pathfinding (A*, NavMesh)<\/li>\n\n\n\n<li>Behavior (GOAP, GOB, Behavior-Trees)<\/li>\n\n\n\n<li>BOIDS<\/li>\n<\/ul>\n<\/li>\n<\/ul>\n<\/div>\n\n\n\n<div class=\"wp-block-column is-layout-flow wp-block-column-is-layout-flow\">\n<ul class=\"wp-block-list\">\n<li><strong>Level Design<\/strong>\n<ul class=\"wp-block-list\">\n<li>Procedural Level Generation\n<ul class=\"wp-block-list\">\n<li>Sampling on a Sphere<\/li>\n\n\n\n<li>Noise<\/li>\n<\/ul>\n<\/li>\n<\/ul>\n<\/li>\n<\/ul>\n<\/div>\n<\/div>\n\n\n\n<div class=\"wp-block-columns is-layout-flex wp-container-core-columns-is-layout-28f84493 wp-block-columns-is-layout-flex\">\n<div class=\"wp-block-column is-layout-flow wp-block-column-is-layout-flow\">\n<ul class=\"wp-block-list\">\n<li><strong>UI<\/strong>\n<ul class=\"wp-block-list\">\n<li>Customizable UI<\/li>\n\n\n\n<li>XR UI<\/li>\n<\/ul>\n<\/li>\n<\/ul>\n<\/div>\n\n\n\n<div class=\"wp-block-column is-layout-flow wp-block-column-is-layout-flow\">\n<ul class=\"wp-block-list\">\n<li><strong>Physics<\/strong>\n<ul class=\"wp-block-list\">\n<li>Hit-Detection \/ Collision-Detection<\/li>\n\n\n\n<li>Impact\/ Knock-Back ( Brawler)<\/li>\n<\/ul>\n<\/li>\n<\/ul>\n<\/div>\n<\/div>\n\n\n\n<div class=\"wp-block-columns is-layout-flex wp-container-core-columns-is-layout-28f84493 wp-block-columns-is-layout-flex\">\n<div class=\"wp-block-column is-layout-flow wp-block-column-is-layout-flow\">\n<ul class=\"wp-block-list\">\n<li><strong>Movement<\/strong>\n<ul class=\"wp-block-list\">\n<li>Animations-Interpolation<\/li>\n\n\n\n<li>Character Controller (Slopes, Jumping, Gliding)<\/li>\n<\/ul>\n<\/li>\n<\/ul>\n<\/div>\n<\/div>\n<\/div><\/div>","protected":false},"excerpt":{"rendered":"<p>Als Student der Hochschule Trier ist es Dir m\u00f6glich, die GDW als Fachseminar (Informatik, 3 ECTS) anrechnen zu lassen. Fachseminar Die Pl\u00e4tze hierf\u00fcr werden wie fr\u00fcher auch begrenzt sein, also melde Dich rechtzeitig an. Die Teilnahme Vorort ist verpflichtend. Erforderliche Leistungen Hinweis: Die Pl\u00e4tze f\u00fcr Fachseminar-Teilnehmer sind auf 10 begrenzt, melde Dich also am besten &hellip;<\/p>\n<p class=\"read-more\"> <a class=\"\" href=\"https:\/\/gdwtrier.de\/en\/fachseminar\/\"> <span class=\"screen-reader-text\">Fachseminar<\/span> Read More &raquo;<\/a><\/p>","protected":false},"author":2,"featured_media":0,"parent":0,"menu_order":0,"comment_status":"closed","ping_status":"closed","template":"","meta":{"site-sidebar-layout":"no-sidebar","site-content-layout":"plain-container","ast-site-content-layout":"normal-width-container","site-content-style":"unboxed","site-sidebar-style":"unboxed","ast-global-header-display":"","ast-banner-title-visibility":"","ast-main-header-display":"","ast-hfb-above-header-display":"","ast-hfb-below-header-display":"","ast-hfb-mobile-header-display":"","site-post-title":"disabled","ast-breadcrumbs-content":"","ast-featured-img":"","footer-sml-layout":"","theme-transparent-header-meta":"","adv-header-id-meta":"","stick-header-meta":"","header-above-stick-meta":"","header-main-stick-meta":"","header-below-stick-meta":"","astra-migrate-meta-layouts":"set","footnotes":""},"class_list":["post-142","page","type-page","status-publish","hentry"],"_links":{"self":[{"href":"https:\/\/gdwtrier.de\/en\/wp-json\/wp\/v2\/pages\/142","targetHints":{"allow":["GET"]}}],"collection":[{"href":"https:\/\/gdwtrier.de\/en\/wp-json\/wp\/v2\/pages"}],"about":[{"href":"https:\/\/gdwtrier.de\/en\/wp-json\/wp\/v2\/types\/page"}],"author":[{"embeddable":true,"href":"https:\/\/gdwtrier.de\/en\/wp-json\/wp\/v2\/users\/2"}],"replies":[{"embeddable":true,"href":"https:\/\/gdwtrier.de\/en\/wp-json\/wp\/v2\/comments?post=142"}],"version-history":[{"count":14,"href":"https:\/\/gdwtrier.de\/en\/wp-json\/wp\/v2\/pages\/142\/revisions"}],"predecessor-version":[{"id":959,"href":"https:\/\/gdwtrier.de\/en\/wp-json\/wp\/v2\/pages\/142\/revisions\/959"}],"wp:attachment":[{"href":"https:\/\/gdwtrier.de\/en\/wp-json\/wp\/v2\/media?parent=142"}],"curies":[{"name":"wp","href":"https:\/\/api.w.org\/{rel}","templated":true}]}}