{"id":141,"date":"2022-06-20T16:20:06","date_gmt":"2022-06-20T16:20:06","guid":{"rendered":"https:\/\/staging.gdwtrier.de\/?page_id=141"},"modified":"2023-07-30T12:20:15","modified_gmt":"2023-07-30T12:20:15","slug":"interpro","status":"publish","type":"page","link":"https:\/\/gdwtrier.de\/en\/interpro\/","title":{"rendered":"Interpro"},"content":{"rendered":"<p><\/p>\n\n\n\n<div class=\"wp-block-cover alignfull is-light\" style=\"padding-top:0;padding-right:0;padding-bottom:0;padding-left:0;min-height:644px;aspect-ratio:unset;\"><img loading=\"lazy\" decoding=\"async\" width=\"1080\" height=\"362\" class=\"wp-block-cover__image-background wp-image-1104 size-large\" alt=\"\" src=\"https:\/\/gdwtrier.de\/wp-content\/uploads\/2022\/06\/GDW-Websitebanner_2026-1080x362.png\" data-object-fit=\"cover\" srcset=\"https:\/\/gdwtrier.de\/wp-content\/uploads\/2022\/06\/GDW-Websitebanner_2026-1080x362.png 1080w, https:\/\/gdwtrier.de\/wp-content\/uploads\/2022\/06\/GDW-Websitebanner_2026-300x101.png 300w, https:\/\/gdwtrier.de\/wp-content\/uploads\/2022\/06\/GDW-Websitebanner_2026-768x258.png 768w, https:\/\/gdwtrier.de\/wp-content\/uploads\/2022\/06\/GDW-Websitebanner_2026-1536x515.png 1536w, https:\/\/gdwtrier.de\/wp-content\/uploads\/2022\/06\/GDW-Websitebanner_2026-18x6.png 18w, https:\/\/gdwtrier.de\/wp-content\/uploads\/2022\/06\/GDW-Websitebanner_2026.png 1920w\" sizes=\"auto, (max-width: 1080px) 100vw, 1080px\" \/><span aria-hidden=\"true\" class=\"wp-block-cover__background has-background-dim-0 has-background-dim\" style=\"background-color:#000000\"><\/span><div class=\"wp-block-cover__inner-container is-layout-flow wp-block-cover-is-layout-flow\">\n<p class=\"has-text-align-center has-large-font-size\"><\/p>\n<\/div><\/div>\n\n\n\n<p><\/p>\n\n\n\n<p class=\"has-medium-font-size\"><br>Als Student der Hochschule Trier ist es Dir m\u00f6glich, die GDW als interdisziplin\u00e4re Woche (Gestaltung, 3 ECTS) anrechnen zu lassen.<\/p>\n\n\n\n<h2 class=\"alignfull has-text-align-center has-ast-global-color-1-background-color has-background wp-block-heading\">Interpro w\u00e4hrend der Online-GDW<\/h2>\n\n\n\n<div class=\"inherit-container-width wp-block-group is-layout-constrained wp-block-group-is-layout-constrained\"><div class=\"wp-block-group__inner-container\">\n<p> Infos zur Anmeldung und den Leitungen findet Ihr weiter unten. Die Teilnahme Vorort ist verpflichtend.<\/p>\n\n\n\n<h3 class=\"wp-block-heading\">Erste Schritte<\/h3>\n\n\n\n<ol class=\"wp-block-list\">\n<li>Melde Dich \u00fcber das <a href=\"https:\/\/www.eventbrite.de\/e\/gamedevweek-2024-tickets-688739998877\" target=\"_blank\" data-type=\"URL\" data-id=\"rebrand.ly\/gdwticket\" rel=\"noreferrer noopener\"><strong>Ticket-System<\/strong><\/a> als GDW-Interpro-Teilnehmer an. <strong>Die Deadline f\u00fcr die Anmeldung ist zum Zeitpunkt des Ideenfindungstreffens!<\/strong><\/li>\n\n\n\n<li>Nimm am Treffen zur Ideenfindung teil.<\/li>\n\n\n\n<li>Die GDW Orga meldet Dich bei <a href=\"https:\/\/www.intermediadesign.de\/team\/prof-linda-breitlauch\" data-type=\"URL\" data-id=\"https:\/\/www.intermediadesign.de\/team\/prof-linda-breitlauch\" target=\"_blank\" rel=\"noreferrer noopener\"><strong>Prof. Dr. Linda Breitlauch<\/strong><\/a> f\u00fcr die interdisziplin\u00e4re Woche an.<\/li>\n<\/ol>\n\n\n\n<p>Eine eigene Anmeldung im QIS ist <strong>nicht erforderlich und wird vom Dozenten gemacht<\/strong>!<br><br><strong>Hinweis: Die Pl\u00e4tze f\u00fcr Interpro-Teilnehmer sind begrenzt, melde Dich also am besten fr\u00fchzeitig an!<\/strong><\/p>\n\n\n\n<h3 class=\"wp-block-heading\">Erforderliche Leistungen<\/h3>\n\n\n\n<ol class=\"wp-block-list\">\n<li>Anwesenheit w\u00e4hrend des Ideenfindungstreffens.<\/li>\n\n\n\n<li>Anwesenheit zu den t\u00e4glichen Kernzeiten (10 &#8211; 17 Uhr) w\u00e4hrend der GDW.<\/li>\n\n\n\n<li>Eigenst\u00e4ndiges Einbringen in eines der GDW-Projekte und Erledigung der besprochenen Aufgaben.<\/li>\n\n\n\n<li>Trete der Veranstaltung GDW auf Studip bei.<\/li>\n\n\n\n<li>Abgabe des Spiels und eines kleinen Berichts(ca 5 Seiten), mit GDD des Spiels und was Dein Anteil an dem Spiel ist, am Ende des Folgesemesters beim betreuenden Dozenten und in Studip ab. Die GDW Orga hat keinen Einfluss auf die Note.<\/li>\n<\/ol>\n<\/div><\/div>","protected":false},"excerpt":{"rendered":"<p>Als Student der Hochschule Trier ist es Dir m\u00f6glich, die GDW als interdisziplin\u00e4re Woche (Gestaltung, 3 ECTS) anrechnen zu lassen. Interpro w\u00e4hrend der Online-GDW Infos zur Anmeldung und den Leitungen findet Ihr weiter unten. Die Teilnahme Vorort ist verpflichtend. Erste Schritte Eine eigene Anmeldung im QIS ist nicht erforderlich und wird vom Dozenten gemacht! Hinweis: &hellip;<\/p>\n<p class=\"read-more\"> <a class=\"\" href=\"https:\/\/gdwtrier.de\/en\/interpro\/\"> <span class=\"screen-reader-text\">Interpro<\/span> Read More &raquo;<\/a><\/p>","protected":false},"author":2,"featured_media":0,"parent":0,"menu_order":0,"comment_status":"closed","ping_status":"closed","template":"","meta":{"site-sidebar-layout":"no-sidebar","site-content-layout":"plain-container","ast-site-content-layout":"","site-content-style":"default","site-sidebar-style":"default","ast-global-header-display":"","ast-banner-title-visibility":"","ast-main-header-display":"","ast-hfb-above-header-display":"","ast-hfb-below-header-display":"","ast-hfb-mobile-header-display":"","site-post-title":"disabled","ast-breadcrumbs-content":"","ast-featured-img":"","footer-sml-layout":"","theme-transparent-header-meta":"","adv-header-id-meta":"","stick-header-meta":"","header-above-stick-meta":"","header-main-stick-meta":"","header-below-stick-meta":"","astra-migrate-meta-layouts":"","footnotes":""},"class_list":["post-141","page","type-page","status-publish","hentry"],"_links":{"self":[{"href":"https:\/\/gdwtrier.de\/en\/wp-json\/wp\/v2\/pages\/141","targetHints":{"allow":["GET"]}}],"collection":[{"href":"https:\/\/gdwtrier.de\/en\/wp-json\/wp\/v2\/pages"}],"about":[{"href":"https:\/\/gdwtrier.de\/en\/wp-json\/wp\/v2\/types\/page"}],"author":[{"embeddable":true,"href":"https:\/\/gdwtrier.de\/en\/wp-json\/wp\/v2\/users\/2"}],"replies":[{"embeddable":true,"href":"https:\/\/gdwtrier.de\/en\/wp-json\/wp\/v2\/comments?post=141"}],"version-history":[{"count":18,"href":"https:\/\/gdwtrier.de\/en\/wp-json\/wp\/v2\/pages\/141\/revisions"}],"predecessor-version":[{"id":823,"href":"https:\/\/gdwtrier.de\/en\/wp-json\/wp\/v2\/pages\/141\/revisions\/823"}],"wp:attachment":[{"href":"https:\/\/gdwtrier.de\/en\/wp-json\/wp\/v2\/media?parent=141"}],"curies":[{"name":"wp","href":"https:\/\/api.w.org\/{rel}","templated":true}]}}