{"id":133,"date":"2020-09-15T06:48:15","date_gmt":"2020-09-15T06:48:15","guid":{"rendered":"https:\/\/staging.gdwtrier.de\/home\/"},"modified":"2026-03-04T09:17:08","modified_gmt":"2026-03-04T09:17:08","slug":"home","status":"publish","type":"page","link":"https:\/\/gdwtrier.de\/en\/","title":{"rendered":"Home"},"content":{"rendered":"<p><\/p>\n\n\n\n<div class=\"wp-block-cover alignfull is-light\" style=\"padding-top:0;padding-right:0;padding-bottom:0;padding-left:0;min-height:644px;aspect-ratio:unset;\"><img loading=\"lazy\" decoding=\"async\" width=\"1080\" height=\"362\" class=\"wp-block-cover__image-background wp-image-1104 size-large\" alt=\"\" src=\"https:\/\/gdwtrier.de\/wp-content\/uploads\/2022\/06\/GDW-Websitebanner_2026-1080x362.png\" data-object-fit=\"cover\" srcset=\"https:\/\/gdwtrier.de\/wp-content\/uploads\/2022\/06\/GDW-Websitebanner_2026-1080x362.png 1080w, https:\/\/gdwtrier.de\/wp-content\/uploads\/2022\/06\/GDW-Websitebanner_2026-300x101.png 300w, https:\/\/gdwtrier.de\/wp-content\/uploads\/2022\/06\/GDW-Websitebanner_2026-768x258.png 768w, https:\/\/gdwtrier.de\/wp-content\/uploads\/2022\/06\/GDW-Websitebanner_2026-1536x515.png 1536w, https:\/\/gdwtrier.de\/wp-content\/uploads\/2022\/06\/GDW-Websitebanner_2026-18x6.png 18w, https:\/\/gdwtrier.de\/wp-content\/uploads\/2022\/06\/GDW-Websitebanner_2026.png 1920w\" sizes=\"auto, (max-width: 1080px) 100vw, 1080px\" \/><span aria-hidden=\"true\" class=\"wp-block-cover__background has-background-dim-0 has-background-dim\" style=\"background-color:#000000\"><\/span><div class=\"wp-block-cover__inner-container is-layout-flow wp-block-cover-is-layout-flow\">\n<p class=\"has-text-align-center has-large-font-size\"><\/p>\n<\/div><\/div>\n\n\n\n<p><\/p>\n\n\n\n<div class=\"inherit-container-width wp-block-group alignfull is-layout-constrained wp-block-group-is-layout-constrained\"><div class=\"wp-block-group__inner-container\">\n<div class=\"wp-block-columns is-layout-flex wp-container-core-columns-is-layout-28f84493 wp-block-columns-is-layout-flex\">\n<div class=\"wp-block-column is-layout-flow wp-block-column-is-layout-flow\" style=\"flex-basis:66.67%\">\n<p class=\"has-text-align-left has-medium-font-size\">The name of GameDevWeek (GDW) says it all: participants get together in groups and develop a video game within a week.<\/p>\n\n\n\n<p>Ob Ihr nun Lust habt, eine spannende Woche mit Gleichgesinnten zu verbringen oder einfach Eure Kreativit\u00e4t beim Entwickeln eines Videospiels ausleben M\u00f6chtet &#8211; es kann sich f\u00fcr Euch nur lohnen, ein Teil der GDW zu werden!<br><br>Denn was Ihr in der Woche gestaltet liegt nur an Euch und Euren Teams. Ihr bestimmt, welches Spiel Ihr entwickeln wollt und auf welche Weise Ihr das macht. Vom Konzept bis zur Umsetzung seid Ihr also stets involviert und k\u00f6nnt Eure eigenen Herausforderungen setzen.<br><br>Vom Anf\u00e4nger bis zum erfahrenen Entwickler gibt es dabei f\u00fcr jeden etwas zu tun. Gerade der Austausch unter den Beteiligten hilft Euch bei der Bewerkstelligung der Aufgaben ungemein und l\u00e4sst Euren Erfahrungsschatz wachsen. Au\u00dferdem unterst\u00fctzt die GDW Orga alle Teilnehmer w\u00e4hrend der Woche beim Entwickeln und hilft bei der einen oder anderen Schwierigkeit gerne aus.<\/p>\n\n\n\n<p><strong>Dieses Semester wird die GDW im neuen &#8222;Vorort+&#8220;-Format stattfinden. Mehr Infos findet ihr dazu <a href=\"https:\/\/gdwtrier.de\/en\/gdw\/vortort\/\" data-type=\"page\" data-id=\"400\">hier<\/a>.<\/strong><br><\/p>\n\n\n\n<p>Solltet ihr Fragen haben, oder ihr wollt die aktuellsten Infos zur GDW, dann kommt auf unseren <a href=\"https:\/\/discord.com\/invite\/KhM4TN8\" target=\"_blank\" rel=\"noreferrer noopener\"><strong>Discord-Server<\/strong><\/a>!<br>Die <strong>Abschlusspr\u00e4sentation <\/strong>findet am Samstag den 14.03. am <a href=\"https:\/\/gdwtrier.de\/en\/kontakt\/\" data-type=\"page\" data-id=\"132\" target=\"_blank\" rel=\"noreferrer noopener\">Schneidershof(Aula)<\/a> und auf <a href=\"https:\/\/www.twitch.tv\/gamesaheadev\" data-type=\"URL\" data-id=\"https:\/\/www.twitch.tv\/gamesaheadev\" target=\"_blank\" rel=\"noreferrer noopener\">Twitch <\/a>statt.<\/p>\n<\/div>\n\n\n\n<div class=\"wp-block-column is-layout-flow wp-block-column-is-layout-flow\" style=\"flex-basis:33.33%\">\n<figure class=\"wp-block-image aligncenter size-large is-style-default\"><img loading=\"lazy\" decoding=\"async\" width=\"767\" height=\"1080\" src=\"https:\/\/gdwtrier.de\/wp-content\/uploads\/2025\/11\/PosterA2_GDW_2026-767x1080.jpg\" alt=\"\" class=\"wp-image-1107\" srcset=\"https:\/\/gdwtrier.de\/wp-content\/uploads\/2025\/11\/PosterA2_GDW_2026-767x1080.jpg 767w, https:\/\/gdwtrier.de\/wp-content\/uploads\/2025\/11\/PosterA2_GDW_2026-213x300.jpg 213w, https:\/\/gdwtrier.de\/wp-content\/uploads\/2025\/11\/PosterA2_GDW_2026-768x1082.jpg 768w, https:\/\/gdwtrier.de\/wp-content\/uploads\/2025\/11\/PosterA2_GDW_2026-1090x1536.jpg 1090w, https:\/\/gdwtrier.de\/wp-content\/uploads\/2025\/11\/PosterA2_GDW_2026-1454x2048.jpg 1454w, https:\/\/gdwtrier.de\/wp-content\/uploads\/2025\/11\/PosterA2_GDW_2026-9x12.jpg 9w, https:\/\/gdwtrier.de\/wp-content\/uploads\/2025\/11\/PosterA2_GDW_2026-scaled.jpg 1817w\" sizes=\"auto, (max-width: 767px) 100vw, 767px\" \/><\/figure>\n<\/div>\n<\/div>\n<\/div><\/div>\n\n\n\n<h2 class=\"wp-block-heading alignfull has-text-align-center has-ast-global-color-1-background-color has-background\">Wichtige Termine<\/h2>\n\n\n\n<div class=\"inherit-container-width wp-block-group alignfull is-layout-constrained wp-block-group-is-layout-constrained\"><div class=\"wp-block-group__inner-container\">\n<figure class=\"wp-block-table is-style-stripes\"><table style=\"border-style:none;border-width:0px\"><thead><tr><th class=\"has-text-align-center\" data-align=\"center\">Termin<\/th><th class=\"has-text-align-center\" data-align=\"center\">Datum &amp; Uhrzeit<\/th><th class=\"has-text-align-center\" data-align=\"center\">Ort &amp; Raum<\/th><\/tr><\/thead><tbody><tr><td class=\"has-text-align-center\" data-align=\"center\"><\/td><td class=\"has-text-align-center\" data-align=\"center\"><strong>Grundlagen<\/strong> <strong>Workshops<\/strong><\/td><td class=\"has-text-align-center\" data-align=\"center\"><\/td><\/tr><tr><td class=\"has-text-align-center\" data-align=\"center\">Unreal 5 Basics<\/td><td class=\"has-text-align-center\" data-align=\"center\">28.02 13 &#8211; 18Uhr<\/td><td class=\"has-text-align-center\" data-align=\"center\"><a href=\"https:\/\/discord.com\/invite\/KhM4TN8\" target=\"_blank\" rel=\"noreferrer noopener\">GDW-Discord<\/a><\/td><\/tr><tr><td class=\"has-text-align-center\" data-align=\"center\">Unity Basics &#8211; Part 1<\/td><td class=\"has-text-align-center\" data-align=\"center\">01.03 15 &#8211; 20Uhr<\/td><td class=\"has-text-align-center\" data-align=\"center\"><a rel=\"noreferrer noopener\" href=\"https:\/\/discord.com\/invite\/KhM4TN8\" target=\"_blank\">GDW-Discord<\/a><\/td><\/tr><tr><td class=\"has-text-align-center\" data-align=\"center\">Unity Basics &#8211; Part 2<\/td><td class=\"has-text-align-center\" data-align=\"center\">02.03 15 &#8211; 20Uhr<\/td><td class=\"has-text-align-center\" data-align=\"center\"><a href=\"https:\/\/discord.com\/invite\/KhM4TN8\" target=\"_blank\" rel=\"noreferrer noopener\">GDW-Discord<\/a><\/td><\/tr><tr><td class=\"has-text-align-center\" data-align=\"center\">Godot Basics &#8211; Part 1<\/td><td class=\"has-text-align-center\" data-align=\"center\">03.03 15 &#8211; 20Uhr<\/td><td class=\"has-text-align-center\" data-align=\"center\"><a rel=\"noreferrer noopener\" href=\"https:\/\/discord.com\/invite\/KhM4TN8\" target=\"_blank\">GDW-Discord<\/a><\/td><\/tr><tr><td class=\"has-text-align-center\" data-align=\"center\">Godot Basics &#8211; Part 2<\/td><td class=\"has-text-align-center\" data-align=\"center\">04.03 15 &#8211; 20Uhr<\/td><td class=\"has-text-align-center\" data-align=\"center\"><a rel=\"noreferrer noopener\" href=\"https:\/\/discord.com\/invite\/KhM4TN8\" target=\"_blank\">GDW-Discord<\/a><\/td><\/tr><tr><td class=\"has-text-align-center\" data-align=\"center\">Git f\u00fcr Designer und Coder<\/td><td class=\"has-text-align-center\" data-align=\"center\">05.03 18 &#8211; 20Uhr<\/td><td class=\"has-text-align-center\" data-align=\"center\"><a href=\"https:\/\/discord.com\/invite\/KhM4TN8\" target=\"_blank\" rel=\"noreferrer noopener\">GDW-Discord<\/a><\/td><\/tr><tr><td class=\"has-text-align-center\" data-align=\"center\"><\/td><td class=\"has-text-align-center\" data-align=\"center\"><strong>Expert Days<\/strong> <strong>Vortr\u00e4ge<\/strong><\/td><td class=\"has-text-align-center\" data-align=\"center\"><\/td><\/tr><tr><td class=\"has-text-align-center\" data-align=\"center\">How To Find Your Style: Methoden der Stilfindung und Art Direction<\/td><td class=\"has-text-align-center\" data-align=\"center\">05.03 16 &#8211; 18Uhr<\/td><td class=\"has-text-align-center\" data-align=\"center\"><a href=\"https:\/\/discord.com\/invite\/KhM4TN8\" target=\"_blank\" rel=\"noreferrer noopener\">GDW-Discord<\/a><\/td><\/tr><tr><td class=\"has-text-align-center\" data-align=\"center\">Prozedurale Generierung 101: Von Dreiecken zu Landschaften<\/td><td class=\"has-text-align-center\" data-align=\"center\">06.03 14 &#8211; 16Uhr<\/td><td class=\"has-text-align-center\" data-align=\"center\"><a href=\"https:\/\/discord.com\/invite\/KhM4TN8\" target=\"_blank\" rel=\"noreferrer noopener\">GDW-Discord<\/a><\/td><\/tr><tr><td class=\"has-text-align-center\" data-align=\"center\">Paint smart, not hard<\/td><td class=\"has-text-align-center\" data-align=\"center\">06.03 16 &#8211; 18Uhr<\/td><td class=\"has-text-align-center\" data-align=\"center\"><a href=\"https:\/\/discord.com\/invite\/KhM4TN8\" target=\"_blank\" rel=\"noreferrer noopener\">GDW-Discord<\/a><\/td><\/tr><tr><td class=\"has-text-align-center\" data-align=\"center\">Extreme Constraints as a Design Tool<\/td><td class=\"has-text-align-center\" data-align=\"center\">06.03 18 &#8211; 20Uhr<\/td><td class=\"has-text-align-center\" data-align=\"center\"><a href=\"https:\/\/discord.com\/invite\/KhM4TN8\" target=\"_blank\" rel=\"noreferrer noopener\">GDW-Discord<\/a><\/td><\/tr><tr><td class=\"has-text-align-center\" data-align=\"center\"><\/td><td class=\"has-text-align-center\" data-align=\"center\"><strong>GameDevWeek<\/strong><\/td><td class=\"has-text-align-center\" data-align=\"center\"><\/td><\/tr><tr><td class=\"has-text-align-center\" data-align=\"center\">Ideenfindung<\/td><td class=\"has-text-align-center\" data-align=\"center\">So 08.03.2026 10:00 Uhr<\/td><td class=\"has-text-align-center\" data-align=\"center\">Hauptcampus X-Geb\u00e4ude<\/td><\/tr><tr><td class=\"has-text-align-center\" data-align=\"center\">Abschlusspr\u00e4sentation<\/td><td class=\"has-text-align-center\" data-align=\"center\">Sa 14.03.2026 14:00 Uhr<\/td><td class=\"has-text-align-center\" data-align=\"center\">Hauptcampus Aula \/ <a href=\"https:\/\/www.twitch.tv\/gamesaheadev\/\" target=\"_blank\" rel=\"noopener\">Twitch<\/a><\/td><\/tr><\/tbody><\/table><\/figure>\n<\/div><\/div>\n\n\n\n<h2 class=\"wp-block-heading alignfull has-text-align-center has-ast-global-color-1-background-color has-background\">Partner <\/h2>\n\n\n\n<div class=\"inherit-container-width wp-block-group alignfull is-layout-constrained wp-container-core-group-is-layout-874fb151 wp-block-group-is-layout-constrained\" style=\"margin-top:var(--wp--preset--spacing--20);margin-bottom:var(--wp--preset--spacing--20);padding-top:var(--wp--preset--spacing--30);padding-right:var(--wp--preset--spacing--30);padding-bottom:var(--wp--preset--spacing--30);padding-left:var(--wp--preset--spacing--30)\"><div class=\"wp-block-group__inner-container\">\n<div class=\"wp-block-columns is-layout-flex wp-container-core-columns-is-layout-28f84493 wp-block-columns-is-layout-flex\">\n<div class=\"wp-block-column is-layout-flow wp-block-column-is-layout-flow\">\n<div class=\"wp-block-columns is-layout-flex wp-container-core-columns-is-layout-28f84493 wp-block-columns-is-layout-flex\">\n<div class=\"wp-block-column is-layout-flow wp-container-core-column-is-layout-1396dd20 wp-block-column-is-layout-flow\" style=\"padding-top:0;padding-right:0;padding-bottom:0;padding-left:0\">\n<figure class=\"wp-block-image aligncenter size-full is-resized\" style=\"margin-top:var(--wp--preset--spacing--50);margin-right:0;margin-bottom:var(--wp--preset--spacing--50);margin-left:0\"><img decoding=\"async\" src=\"https:\/\/gdwtrier.de\/wp-content\/uploads\/2024\/02\/Saberland.de_Logo_trans.svg\" alt=\"\" class=\"wp-image-872\" style=\"aspect-ratio:6.1550855991943605;width:603px;height:auto\"\/><\/figure>\n<\/div>\n<\/div>\n<\/div>\n<\/div>\n\n\n\n<div class=\"wp-block-columns is-layout-flex wp-container-core-columns-is-layout-28f84493 wp-block-columns-is-layout-flex\">\n<div class=\"wp-block-column is-layout-flow wp-container-core-column-is-layout-7badf79b wp-block-column-is-layout-flow\" style=\"padding-top:var(--wp--preset--spacing--20);padding-bottom:var(--wp--preset--spacing--20)\">\n<div class=\"wp-block-columns is-layout-flex wp-container-core-columns-is-layout-28f84493 wp-block-columns-is-layout-flex\">\n<div class=\"wp-block-column is-layout-flow wp-block-column-is-layout-flow\"><\/div>\n\n\n\n<div class=\"wp-block-column is-layout-flow wp-block-column-is-layout-flow\"><\/div>\n<\/div>\n<\/div>\n<\/div>\n\n\n\n<div class=\"wp-block-columns is-layout-flex wp-container-core-columns-is-layout-28f84493 wp-block-columns-is-layout-flex\">\n<div class=\"wp-block-column is-vertically-aligned-center is-layout-flow wp-block-column-is-layout-flow\">\n<figure class=\"wp-block-image size-large\"><a href=\"https:\/\/game-up-rlp.de\/\" target=\"_blank\" rel=\"noopener\"><img loading=\"lazy\" decoding=\"async\" width=\"1080\" height=\"205\" src=\"https:\/\/gdwtrier.de\/wp-content\/uploads\/2026\/03\/Logo_GameUp_horizontal-1080x205.png\" alt=\"\" class=\"wp-image-1172\" srcset=\"https:\/\/gdwtrier.de\/wp-content\/uploads\/2026\/03\/Logo_GameUp_horizontal-1080x205.png 1080w, https:\/\/gdwtrier.de\/wp-content\/uploads\/2026\/03\/Logo_GameUp_horizontal-300x57.png 300w, https:\/\/gdwtrier.de\/wp-content\/uploads\/2026\/03\/Logo_GameUp_horizontal-768x146.png 768w, https:\/\/gdwtrier.de\/wp-content\/uploads\/2026\/03\/Logo_GameUp_horizontal-1536x292.png 1536w, https:\/\/gdwtrier.de\/wp-content\/uploads\/2026\/03\/Logo_GameUp_horizontal-2048x389.png 2048w, https:\/\/gdwtrier.de\/wp-content\/uploads\/2026\/03\/Logo_GameUp_horizontal-18x3.png 18w\" sizes=\"auto, (max-width: 1080px) 100vw, 1080px\" \/><\/a><\/figure>\n<\/div>\n\n\n\n<div class=\"wp-block-column is-vertically-aligned-center is-layout-flow wp-block-column-is-layout-flow\"><\/div>\n\n\n\n<div class=\"wp-block-column is-vertically-aligned-center is-layout-flow wp-block-column-is-layout-flow\">\n<figure class=\"wp-block-image size-large\"><img loading=\"lazy\" decoding=\"async\" width=\"1080\" height=\"117\" src=\"https:\/\/gdwtrier.de\/wp-content\/uploads\/2025\/03\/Logo-JAMSoftware_transparent_ohne_Rand-1-1080x117.png\" alt=\"\" class=\"wp-image-979\" srcset=\"https:\/\/gdwtrier.de\/wp-content\/uploads\/2025\/03\/Logo-JAMSoftware_transparent_ohne_Rand-1-1080x117.png 1080w, https:\/\/gdwtrier.de\/wp-content\/uploads\/2025\/03\/Logo-JAMSoftware_transparent_ohne_Rand-1-300x32.png 300w, https:\/\/gdwtrier.de\/wp-content\/uploads\/2025\/03\/Logo-JAMSoftware_transparent_ohne_Rand-1-768x83.png 768w, https:\/\/gdwtrier.de\/wp-content\/uploads\/2025\/03\/Logo-JAMSoftware_transparent_ohne_Rand-1-1536x166.png 1536w, https:\/\/gdwtrier.de\/wp-content\/uploads\/2025\/03\/Logo-JAMSoftware_transparent_ohne_Rand-1-18x2.png 18w, https:\/\/gdwtrier.de\/wp-content\/uploads\/2025\/03\/Logo-JAMSoftware_transparent_ohne_Rand-1.png 1906w\" sizes=\"auto, (max-width: 1080px) 100vw, 1080px\" \/><\/figure>\n<\/div>\n<\/div>\n<\/div><\/div>\n\n\n\n<h3 class=\"wp-block-heading alignwide has-text-align-center has-ast-global-color-1-background-color has-background\">Supporter<\/h3>\n\n\n\n<div class=\"inherit-container-width wp-block-group alignfull is-layout-constrained wp-block-group-is-layout-constrained\"><div class=\"wp-block-group__inner-container\">\n<div class=\"wp-block-columns is-layout-flex wp-container-core-columns-is-layout-28f84493 wp-block-columns-is-layout-flex\">\n<div class=\"wp-block-column is-vertically-aligned-center is-layout-flow wp-block-column-is-layout-flow\">\n<figure class=\"wp-block-image aligncenter size-large\"><a href=\"https:\/\/indiehub.de\/\" target=\"_blank\" rel=\"noopener\"><img decoding=\"async\" src=\"https:\/\/gdwtrier.de\/wp-content\/uploads\/2022\/08\/indie_hub_logo_s_b-300x53-1.webp\" alt=\"\" style=\"aspect-ratio:5.666666666666667\"\/><\/a><\/figure>\n<\/div>\n\n\n\n<div class=\"wp-block-column is-layout-flow wp-block-column-is-layout-flow\">\n<figure class=\"wp-block-image aligncenter size-full is-resized\"><a href=\"https:\/\/www.ghs-trier.com\/\" target=\"_blank\" rel=\"noopener\"><img loading=\"lazy\" decoding=\"async\" width=\"1013\" height=\"720\" src=\"https:\/\/gdwtrier.de\/wp-content\/uploads\/2026\/03\/Logo-Vektor.jpg\" alt=\"\" class=\"wp-image-1171\" style=\"aspect-ratio:1.4069960496937082;width:189px;height:auto\" srcset=\"https:\/\/gdwtrier.de\/wp-content\/uploads\/2026\/03\/Logo-Vektor.jpg 1013w, https:\/\/gdwtrier.de\/wp-content\/uploads\/2026\/03\/Logo-Vektor-300x213.jpg 300w, https:\/\/gdwtrier.de\/wp-content\/uploads\/2026\/03\/Logo-Vektor-768x546.jpg 768w, https:\/\/gdwtrier.de\/wp-content\/uploads\/2026\/03\/Logo-Vektor-18x12.jpg 18w\" sizes=\"auto, (max-width: 1013px) 100vw, 1013px\" \/><\/a><\/figure>\n<\/div>\n\n\n\n<div class=\"wp-block-column is-layout-flow wp-block-column-is-layout-flow\">\n<figure class=\"wp-block-image aligncenter size-large is-resized\"><a href=\"https:\/\/mf-rlp.de\/\" target=\"_blank\" rel=\"noopener\"><img loading=\"lazy\" decoding=\"async\" width=\"1080\" height=\"396\" src=\"https:\/\/gdwtrier.de\/wp-content\/uploads\/2025\/03\/MFG_Logo_CMYK-1080x396.jpg\" alt=\"\" class=\"wp-image-976\" style=\"aspect-ratio:2.727520024180142;width:245px;height:auto\" srcset=\"https:\/\/gdwtrier.de\/wp-content\/uploads\/2025\/03\/MFG_Logo_CMYK-1080x396.jpg 1080w, https:\/\/gdwtrier.de\/wp-content\/uploads\/2025\/03\/MFG_Logo_CMYK-300x110.jpg 300w, https:\/\/gdwtrier.de\/wp-content\/uploads\/2025\/03\/MFG_Logo_CMYK-768x281.jpg 768w, https:\/\/gdwtrier.de\/wp-content\/uploads\/2025\/03\/MFG_Logo_CMYK-1536x563.jpg 1536w, https:\/\/gdwtrier.de\/wp-content\/uploads\/2025\/03\/MFG_Logo_CMYK-2048x750.jpg 2048w, https:\/\/gdwtrier.de\/wp-content\/uploads\/2025\/03\/MFG_Logo_CMYK-18x7.jpg 18w\" sizes=\"auto, (max-width: 1080px) 100vw, 1080px\" \/><\/a><\/figure>\n<\/div>\n\n\n\n<div class=\"wp-block-column is-layout-flow wp-block-column-is-layout-flow\">\n<figure class=\"wp-block-image aligncenter size-full is-resized wp-duotone-unset-1\"><a href=\"https:\/\/www.frankengamejam.de\/\" target=\"_blank\" rel=\"noopener\"><img loading=\"lazy\" decoding=\"async\" width=\"977\" height=\"966\" src=\"https:\/\/gdwtrier.de\/wp-content\/uploads\/2025\/11\/logo_new_transparent.png\" alt=\"\" class=\"wp-image-1112\" style=\"aspect-ratio:1.0113996460759702;width:109px;height:auto\" srcset=\"https:\/\/gdwtrier.de\/wp-content\/uploads\/2025\/11\/logo_new_transparent.png 977w, https:\/\/gdwtrier.de\/wp-content\/uploads\/2025\/11\/logo_new_transparent-300x297.png 300w, https:\/\/gdwtrier.de\/wp-content\/uploads\/2025\/11\/logo_new_transparent-768x759.png 768w, https:\/\/gdwtrier.de\/wp-content\/uploads\/2025\/11\/logo_new_transparent-12x12.png 12w\" sizes=\"auto, (max-width: 977px) 100vw, 977px\" \/><\/a><\/figure>\n<\/div>\n<\/div>\n\n\n\n<div class=\"wp-block-columns is-layout-flex wp-container-core-columns-is-layout-28f84493 wp-block-columns-is-layout-flex\">\n<div class=\"wp-block-column is-vertically-aligned-center is-layout-flow wp-block-column-is-layout-flow\"><\/div>\n\n\n\n<div class=\"wp-block-column is-layout-flow wp-block-column-is-layout-flow\"><\/div>\n\n\n\n<div class=\"wp-block-column is-vertically-aligned-center is-layout-flow wp-block-column-is-layout-flow\"><\/div>\n\n\n\n<div class=\"wp-block-column is-vertically-aligned-center is-layout-flow wp-block-column-is-layout-flow\"><\/div>\n<\/div>\n<\/div><\/div>\n\n\n\n<h3 class=\"wp-block-heading alignwide has-text-align-center has-ast-global-color-1-background-color has-background\">Veranstalter<\/h3>\n\n\n\n<div class=\"inherit-container-width wp-block-group alignfull is-layout-constrained wp-block-group-is-layout-constrained\"><div class=\"wp-block-group__inner-container\">\n<div class=\"wp-block-columns are-vertically-aligned-center is-layout-flex wp-container-core-columns-is-layout-28f84493 wp-block-columns-is-layout-flex\">\n<div class=\"wp-block-column is-vertically-aligned-center is-layout-flow wp-block-column-is-layout-flow\">\n<figure class=\"wp-block-image aligncenter size-large is-resized\"><a href=\"https:\/\/www.hochschule-trier.de\/\" target=\"_blank\" rel=\"noopener\"><img loading=\"lazy\" decoding=\"async\" width=\"1024\" height=\"597\" src=\"https:\/\/gdwtrier.de\/wp-content\/uploads\/2023\/02\/hochschule-trier-logo-1-1024x597.png\" alt=\"\" class=\"wp-image-639\" style=\"width:224px;height:130px\" srcset=\"https:\/\/gdwtrier.de\/wp-content\/uploads\/2023\/02\/hochschule-trier-logo-1-1024x597.png 1024w, https:\/\/gdwtrier.de\/wp-content\/uploads\/2023\/02\/hochschule-trier-logo-1-300x175.png 300w, https:\/\/gdwtrier.de\/wp-content\/uploads\/2023\/02\/hochschule-trier-logo-1-768x448.png 768w, https:\/\/gdwtrier.de\/wp-content\/uploads\/2023\/02\/hochschule-trier-logo-1-1536x896.png 1536w, https:\/\/gdwtrier.de\/wp-content\/uploads\/2023\/02\/hochschule-trier-logo-1-2048x1195.png 2048w\" sizes=\"auto, (max-width: 1024px) 100vw, 1024px\" \/><\/a><\/figure>\n<\/div>\n\n\n\n<div class=\"wp-block-column is-vertically-aligned-center is-layout-flow wp-block-column-is-layout-flow\">\n<figure class=\"wp-block-image aligncenter size-large is-resized\"><a href=\"https:\/\/games-ahead.de\/\" target=\"_blank\" rel=\"noopener\"><img loading=\"lazy\" decoding=\"async\" width=\"1024\" height=\"995\" src=\"https:\/\/gdwtrier.de\/wp-content\/uploads\/2023\/02\/Games_Ahead_Logo-1024x995.png\" alt=\"\" class=\"wp-image-641\" style=\"width:160px;height:155px\" srcset=\"https:\/\/gdwtrier.de\/wp-content\/uploads\/2023\/02\/Games_Ahead_Logo-1024x995.png 1024w, https:\/\/gdwtrier.de\/wp-content\/uploads\/2023\/02\/Games_Ahead_Logo-300x292.png 300w, https:\/\/gdwtrier.de\/wp-content\/uploads\/2023\/02\/Games_Ahead_Logo-768x746.png 768w, https:\/\/gdwtrier.de\/wp-content\/uploads\/2023\/02\/Games_Ahead_Logo-1536x1493.png 1536w, https:\/\/gdwtrier.de\/wp-content\/uploads\/2023\/02\/Games_Ahead_Logo.png 1775w\" sizes=\"auto, (max-width: 1024px) 100vw, 1024px\" \/><\/a><\/figure>\n<\/div>\n<\/div>\n<\/div><\/div>","protected":false},"excerpt":{"rendered":"<p>Der Name der GameDevWeek (GDW) ist Programm: die Teilnehmer finden sich in Gruppen zusammen und entwickeln innerhalb von einer Woche ein Videospiel. Ob Ihr nun Lust habt, eine spannende Woche mit Gleichgesinnten zu verbringen oder einfach Eure Kreativit\u00e4t beim Entwickeln eines Videospiels ausleben M\u00f6chtet &#8211; es kann sich f\u00fcr Euch nur lohnen, ein Teil der &hellip;<\/p>\n<p class=\"read-more\"> <a class=\"\" href=\"https:\/\/gdwtrier.de\/en\/\"> <span class=\"screen-reader-text\">Home<\/span> Read More &raquo;<\/a><\/p>","protected":false},"author":2,"featured_media":0,"parent":0,"menu_order":0,"comment_status":"closed","ping_status":"closed","template":"","meta":{"site-sidebar-layout":"no-sidebar","site-content-layout":"plain-container","ast-site-content-layout":"full-width-container","site-content-style":"unboxed","site-sidebar-style":"unboxed","ast-global-header-display":"","ast-banner-title-visibility":"","ast-main-header-display":"","ast-hfb-above-header-display":"","ast-hfb-below-header-display":"","ast-hfb-mobile-header-display":"","site-post-title":"disabled","ast-breadcrumbs-content":"","ast-featured-img":"","footer-sml-layout":"","theme-transparent-header-meta":"enabled","adv-header-id-meta":"","stick-header-meta":"","header-above-stick-meta":"","header-main-stick-meta":"","header-below-stick-meta":"","astra-migrate-meta-layouts":"set","footnotes":""},"class_list":["post-133","page","type-page","status-publish","hentry"],"_links":{"self":[{"href":"https:\/\/gdwtrier.de\/en\/wp-json\/wp\/v2\/pages\/133","targetHints":{"allow":["GET"]}}],"collection":[{"href":"https:\/\/gdwtrier.de\/en\/wp-json\/wp\/v2\/pages"}],"about":[{"href":"https:\/\/gdwtrier.de\/en\/wp-json\/wp\/v2\/types\/page"}],"author":[{"embeddable":true,"href":"https:\/\/gdwtrier.de\/en\/wp-json\/wp\/v2\/users\/2"}],"replies":[{"embeddable":true,"href":"https:\/\/gdwtrier.de\/en\/wp-json\/wp\/v2\/comments?post=133"}],"version-history":[{"count":119,"href":"https:\/\/gdwtrier.de\/en\/wp-json\/wp\/v2\/pages\/133\/revisions"}],"predecessor-version":[{"id":1179,"href":"https:\/\/gdwtrier.de\/en\/wp-json\/wp\/v2\/pages\/133\/revisions\/1179"}],"wp:attachment":[{"href":"https:\/\/gdwtrier.de\/en\/wp-json\/wp\/v2\/media?parent=133"}],"curies":[{"name":"wp","href":"https:\/\/api.w.org\/{rel}","templated":true}]}}