{"id":1184,"date":"2026-03-10T14:27:41","date_gmt":"2026-03-10T14:27:41","guid":{"rendered":"https:\/\/gdwtrier.de\/?page_id=1184"},"modified":"2026-03-12T11:32:40","modified_gmt":"2026-03-12T11:32:40","slug":"abgaben","status":"publish","type":"page","link":"https:\/\/gdwtrier.de\/en\/gdw\/abgaben\/","title":{"rendered":"Abgaben"},"content":{"rendered":"<p><\/p>\n\n\n\n<div class=\"wp-block-cover alignfull is-light\" style=\"padding-top:0;padding-right:0;padding-bottom:0;padding-left:0;min-height:644px;aspect-ratio:unset;\"><img loading=\"lazy\" decoding=\"async\" width=\"1080\" height=\"362\" class=\"wp-block-cover__image-background wp-image-1104 size-large\" alt=\"\" src=\"https:\/\/gdwtrier.de\/wp-content\/uploads\/2022\/06\/GDW-Websitebanner_2026-1080x362.png\" data-object-fit=\"cover\" srcset=\"https:\/\/gdwtrier.de\/wp-content\/uploads\/2022\/06\/GDW-Websitebanner_2026-1080x362.png 1080w, https:\/\/gdwtrier.de\/wp-content\/uploads\/2022\/06\/GDW-Websitebanner_2026-300x101.png 300w, https:\/\/gdwtrier.de\/wp-content\/uploads\/2022\/06\/GDW-Websitebanner_2026-768x258.png 768w, https:\/\/gdwtrier.de\/wp-content\/uploads\/2022\/06\/GDW-Websitebanner_2026-1536x515.png 1536w, https:\/\/gdwtrier.de\/wp-content\/uploads\/2022\/06\/GDW-Websitebanner_2026-18x6.png 18w, https:\/\/gdwtrier.de\/wp-content\/uploads\/2022\/06\/GDW-Websitebanner_2026.png 1920w\" sizes=\"auto, (max-width: 1080px) 100vw, 1080px\" \/><span aria-hidden=\"true\" class=\"wp-block-cover__background has-background-dim-0 has-background-dim\" style=\"background-color:#000000\"><\/span><div class=\"wp-block-cover__inner-container is-layout-flow wp-block-cover-is-layout-flow\">\n<p class=\"has-text-align-center has-large-font-size\"><\/p>\n<\/div><\/div>\n\n\n\n<p><\/p>\n\n\n\n<h2 class=\"wp-block-heading alignfull has-text-align-center has-ast-global-color-1-background-color has-background\">abgaben<\/h2>\n\n\n\n<h4 class=\"wp-block-heading\">Abgaben f\u00fcr Alle<\/h4>\n\n\n\n<figure class=\"wp-block-table is-style-stripes\"><table style=\"border-style:none;border-width:0px\"><tbody><tr><td>Itch.io Seite anlegen<\/td><td class=\"has-text-align-left\" data-align=\"left\">Auf eurer Itch.io Seite bitte folgende Informationen erw\u00e4hnen:<br>&#8211; Beschreibung des Spiele <br>&#8211; Erw\u00e4hnen, dass es im Rahmen der GameDevWeek entstanden ist<br>&#8211; Welche\/s Thema\/en wurde interpretiert <br>&#8211; Controlls <br>&#8211; Credits <br>&#8211; mindesten 4 Screenshot + Gameplayvideo<br>&#8211; in welchem Umfang wurde AI f\u00fcr dieses Spiel genutzt?<br>Abgabe: Spiel bei Itch.io unter der Gamejam einreichen<\/td><td>Mittwoch 19:00 Uhr<\/td><\/tr><tr><td>2x Poster (A0)<\/td><td class=\"has-text-align-left\" data-align=\"left\">1x mit Sponsoren; 1x ohne Sponsoren (siehe Drive-Vorlage auf Discord > 2026 > #infos Kanal)<br>&#8211; bei Verwendung von AI bitte sichtlich kennzeichnen<br>Format: A0 (841 x 1189 mm) &#8211; Hochkant<br>Farb-Format: CMYK 150 dpi<br>Abgabe-Dateiformat: PDF<\/td><td>Donnerstag 12:00 Uhr<\/td><\/tr><tr><td>Gameplay B-Roll (2min)<\/td><td class=\"has-text-align-left\" data-align=\"left\">startet die Aufnahme im Hauptmenu<br>Abgabe-Dateiformat: .mp4<\/td><td>Freitag 18:00 Uhr<\/td><\/tr><tr><td>Game-Music Soundtrack (2min)<\/td><td class=\"has-text-align-left\" data-align=\"left\">als Alternative zum &#8222;Gameplay B-Roll&#8220; &#8211; Sound<br>muss Lizenzfrei sein<br>Abgabe-Dateiformat: .mp3\/.wav<\/td><td>Freitag 18:00 Uhr<\/td><\/tr><\/tbody><\/table><\/figure>\n\n\n\n<p><\/p>\n\n\n\n<h4 class=\"wp-block-heading\">Zus\u00e4tzliche Abgaben f\u00fcr Online<\/h4>\n\n\n\n<figure class=\"wp-block-table is-style-stripes\"><table style=\"border-style:none;border-width:0px\"><tbody><tr><td>Kurzes Hallo-Video (10s)<\/td><td>Discord-Aufnahme (mit Kameras): z.B. &#8222;Hallo, wir sind das Team von&#8230;&#8220;<br>Abgabe-Dateiformat: .mp4<\/td><td>Freitag 18:00 Uhr<\/td><\/tr><tr><td>Kurzes Abschied-Video (5s)<\/td><td>Discord-Aufnahme (mit Kameras): kurz winken<br>Abgabe-Dateiformat: .mp4<\/td><td>Freitag 18:00 Uhr<\/td><\/tr><\/tbody><\/table><\/figure>\n\n\n\n<p><\/p>\n\n\n\n<p><\/p>","protected":false},"excerpt":{"rendered":"<p>abgaben Abgaben f\u00fcr Alle Itch.io Seite anlegen Auf eurer Itch.io Seite bitte folgende Informationen erw\u00e4hnen:&#8211; Beschreibung des Spiele &#8211; Erw\u00e4hnen, dass es im Rahmen der GameDevWeek entstanden ist&#8211; Welche\/s Thema\/en wurde interpretiert &#8211; Controlls &#8211; Credits &#8211; mindesten 4 Screenshot + Gameplayvideo&#8211; in welchem Umfang wurde AI f\u00fcr dieses Spiel genutzt?Abgabe: Spiel bei Itch.io unter &hellip;<\/p>\n<p class=\"read-more\"> <a class=\"\" href=\"https:\/\/gdwtrier.de\/en\/gdw\/abgaben\/\"> <span class=\"screen-reader-text\">Abgaben<\/span> Read More &raquo;<\/a><\/p>","protected":false},"author":1,"featured_media":0,"parent":396,"menu_order":0,"comment_status":"closed","ping_status":"closed","template":"","meta":{"site-sidebar-layout":"no-sidebar","site-content-layout":"","ast-site-content-layout":"normal-width-container","site-content-style":"unboxed","site-sidebar-style":"unboxed","ast-global-header-display":"","ast-banner-title-visibility":"","ast-main-header-display":"","ast-hfb-above-header-display":"","ast-hfb-below-header-display":"","ast-hfb-mobile-header-display":"","site-post-title":"","ast-breadcrumbs-content":"","ast-featured-img":"","footer-sml-layout":"","theme-transparent-header-meta":"","adv-header-id-meta":"","stick-header-meta":"","header-above-stick-meta":"","header-main-stick-meta":"","header-below-stick-meta":"","astra-migrate-meta-layouts":"set","footnotes":""},"class_list":["post-1184","page","type-page","status-publish","hentry"],"_links":{"self":[{"href":"https:\/\/gdwtrier.de\/en\/wp-json\/wp\/v2\/pages\/1184","targetHints":{"allow":["GET"]}}],"collection":[{"href":"https:\/\/gdwtrier.de\/en\/wp-json\/wp\/v2\/pages"}],"about":[{"href":"https:\/\/gdwtrier.de\/en\/wp-json\/wp\/v2\/types\/page"}],"author":[{"embeddable":true,"href":"https:\/\/gdwtrier.de\/en\/wp-json\/wp\/v2\/users\/1"}],"replies":[{"embeddable":true,"href":"https:\/\/gdwtrier.de\/en\/wp-json\/wp\/v2\/comments?post=1184"}],"version-history":[{"count":15,"href":"https:\/\/gdwtrier.de\/en\/wp-json\/wp\/v2\/pages\/1184\/revisions"}],"predecessor-version":[{"id":1225,"href":"https:\/\/gdwtrier.de\/en\/wp-json\/wp\/v2\/pages\/1184\/revisions\/1225"}],"up":[{"embeddable":true,"href":"https:\/\/gdwtrier.de\/en\/wp-json\/wp\/v2\/pages\/396"}],"wp:attachment":[{"href":"https:\/\/gdwtrier.de\/en\/wp-json\/wp\/v2\/media?parent=1184"}],"curies":[{"name":"wp","href":"https:\/\/api.w.org\/{rel}","templated":true}]}}